{"id":5485,"date":"2025-02-04T00:36:28","date_gmt":"2025-02-03T23:36:28","guid":{"rendered":"https:\/\/fedefutguate.gt\/informacionpublica\/?page_id=5485"},"modified":"2026-01-26T22:06:46","modified_gmt":"2026-01-26T21:06:46","slug":"inventario-de-bienes-muebles-e-inmuebles-2025","status":"publish","type":"page","link":"https:\/\/fedefutguate.gt\/informacionpublica\/inventario-de-bienes-muebles-e-inmuebles-2025\/","title":{"rendered":"INVENTARIO DE BIENES MUEBLES E INMUEBLES -2025-"},"content":{"rendered":"\n<p class=\"has-contrast-2-color has-text-color\">La informaci\u00f3n relacionada al inventario de bienes muebles e inmuebles con que cuenta la instituci\u00f3n.<\/p>\n\n\n\n<p>Art\u00edculo 10, numeral 13 de la Ley de Acceso a la Informaci\u00f3n P\u00fablica<\/p>\n\n\n\n<figure class=\"wp-block-table is-style-stripes\"><table><tbody><tr><td class=\"has-text-align-center\" data-align=\"center\"><a href=\"https:\/\/fedefutguate.gt\/informacionpublica\/wp-content\/uploads\/2025\/02\/Inventario-Institucional-de-Bienes-Muebles-ENERO-2025.pdf\"><img decoding=\"async\" src=\"https:\/\/fedefutguate.gt\/informacionpublica\/wp-content\/uploads\/2022\/02\/pngaaa.com-2621310.png\" alt=\"\"><\/a><\/td><td><a href=\"https:\/\/fedefutguate.gt\/informacionpublica\/wp-content\/uploads\/2025\/02\/Inventario-Institucional-de-Bienes-Muebles-ENERO-2025.pdf\">Inventario Institucional de Bienes Muebles<\/a> (<a href=\"https:\/\/fedefutguate.gt\/informacionpublica\/wp-content\/uploads\/2025\/02\/Inventario-Institucional-de-Bienes-Muebles-ENERO-2025.pdf\">ENERO 2025)<\/a><\/td><\/tr><tr><td class=\"has-text-align-center\" data-align=\"center\"><a href=\"https:\/\/fedefutguate.gt\/informacionpublica\/wp-content\/uploads\/2025\/02\/Inventario-Institucional-de-Bienes-Inmuebles-ENERO-2025.pdf\"><img decoding=\"async\" src=\"https:\/\/fedefutguate.gt\/informacionpublica\/wp-content\/uploads\/2022\/02\/pngaaa.com-2621310.png\" alt=\"\"><\/a><\/td><td><a href=\"https:\/\/fedefutguate.gt\/informacionpublica\/wp-content\/uploads\/2025\/02\/Inventario-Institucional-de-Bienes-Inmuebles-ENERO-2025.pdf\">Inventario Institucional de Bienes Inmuebles (ENERO 2025)<\/a><\/td><\/tr><tr><td class=\"has-text-align-center\" data-align=\"center\"><a href=\"https:\/\/fedefutguate.gt\/informacionpublica\/wp-content\/uploads\/2025\/03\/Inventario-Institucional-de-Bienes-Muebles-FEBRERO-2025.pdf\"><img decoding=\"async\" src=\"https:\/\/fedefutguate.gt\/informacionpublica\/wp-content\/uploads\/2022\/02\/pngaaa.com-2621310.png\" alt=\"\"><\/a><\/td><td>I<a href=\"https:\/\/fedefutguate.gt\/informacionpublica\/wp-content\/uploads\/2025\/03\/Inventario-Institucional-de-Bienes-Muebles-FEBRERO-2025.pdf\">nventario Institucional de Bienes Muebles (FEBRERO 2025)<\/a><\/td><\/tr><tr><td class=\"has-text-align-center\" data-align=\"center\"><a href=\"https:\/\/fedefutguate.gt\/informacionpublica\/wp-content\/uploads\/2025\/03\/Inventario-Institucional-de-Bienes-Inmuebles-FEBRERO-2025.pdf\"><img decoding=\"async\" src=\"https:\/\/fedefutguate.gt\/informacionpublica\/wp-content\/uploads\/2022\/02\/pngaaa.com-2621310.png\" alt=\"\"><\/a><\/td><td><a href=\"https:\/\/fedefutguate.gt\/informacionpublica\/wp-content\/uploads\/2025\/03\/Inventario-Institucional-de-Bienes-Inmuebles-FEBRERO-2025.pdf\">Inventario Institucional de Bienes Inmuebles (FEBRERO 2025)<\/a><\/td><\/tr><tr><td class=\"has-text-align-center\" data-align=\"center\"><a href=\"https:\/\/fedefutguate.gt\/informacionpublica\/wp-content\/uploads\/2025\/04\/Inventario-Institucional-de-Bienes-Muebles-MARZO-2025.pdf\"><img decoding=\"async\" src=\"https:\/\/fedefutguate.gt\/informacionpublica\/wp-content\/uploads\/2022\/02\/pngaaa.com-2621310.png\" alt=\"\"><\/a><\/td><td><a href=\"https:\/\/fedefutguate.gt\/informacionpublica\/wp-content\/uploads\/2025\/04\/Inventario-Institucional-de-Bienes-Muebles-MARZO-2025.pdf\">Inventario Institucional de Bienes Muebles (MARZO 2025)<\/a><\/td><\/tr><tr><td class=\"has-text-align-center\" data-align=\"center\"><a href=\"https:\/\/fedefutguate.gt\/informacionpublica\/wp-content\/uploads\/2025\/04\/Inventario-Institucional-de-Bienes-Inmuebles-MARZO-2025.pdf\"><img decoding=\"async\" src=\"https:\/\/fedefutguate.gt\/informacionpublica\/wp-content\/uploads\/2022\/02\/pngaaa.com-2621310.png\" alt=\"\"><\/a><\/td><td><a href=\"https:\/\/fedefutguate.gt\/informacionpublica\/wp-content\/uploads\/2025\/04\/Inventario-Institucional-de-Bienes-Inmuebles-MARZO-2025.pdf\">Inventario Institucional de Bienes Inmuebles (MARZO 2025)<\/a><\/td><\/tr><tr><td class=\"has-text-align-center\" data-align=\"center\"><a href=\"https:\/\/fedefutguate.gt\/informacionpublica\/wp-content\/uploads\/2025\/05\/Inventario-Institucional-de-Bienes-Muebles-ABRIL-2025-1.pdf\"><img decoding=\"async\" src=\"https:\/\/fedefutguate.gt\/informacionpublica\/wp-content\/uploads\/2022\/02\/pngaaa.com-2621310.png\" alt=\"\"><\/a><\/td><td><a href=\"https:\/\/fedefutguate.gt\/informacionpublica\/wp-content\/uploads\/2025\/05\/Inventario-Institucional-de-Bienes-Muebles-ABRIL-2025-1.pdf\">Inventario Institucional de Bienes Muebles (ABRIL 2025)<\/a><\/td><\/tr><tr><td class=\"has-text-align-center\" data-align=\"center\"><a href=\"https:\/\/fedefutguate.gt\/informacionpublica\/wp-content\/uploads\/2025\/05\/Inventario-Institucional-de-Bienes-Inmuebles-ABRIL-2025.pdf\"><img decoding=\"async\" src=\"https:\/\/fedefutguate.gt\/informacionpublica\/wp-content\/uploads\/2022\/02\/pngaaa.com-2621310.png\" alt=\"\"><\/a><\/td><td><a href=\"https:\/\/fedefutguate.gt\/informacionpublica\/wp-content\/uploads\/2025\/05\/Inventario-Institucional-de-Bienes-Inmuebles-ABRIL-2025.pdf\">Inventario Institucional de Bienes Inmuebles (ABRIL 2025)<\/a><\/td><\/tr><tr><td class=\"has-text-align-center\" data-align=\"center\"><a href=\"https:\/\/fedefutguate.gt\/informacionpublica\/wp-content\/uploads\/2025\/06\/Inventario-Institucional-de-Bienes-Muebles-MAYO-2025.pdf\"><img decoding=\"async\" src=\"https:\/\/fedefutguate.gt\/informacionpublica\/wp-content\/uploads\/2022\/02\/pngaaa.com-2621310.png\" alt=\"\"><\/a><\/td><td><a href=\"https:\/\/fedefutguate.gt\/informacionpublica\/wp-content\/uploads\/2025\/06\/Inventario-Institucional-de-Bienes-Muebles-MAYO-2025.pdf\">Inventario Institucional de Bienes Muebles (MAYO 2025)<\/a><\/td><\/tr><tr><td class=\"has-text-align-center\" data-align=\"center\"><a href=\"https:\/\/fedefutguate.gt\/informacionpublica\/wp-content\/uploads\/2025\/06\/Inventario-Institucional-de-Bienes-Inmuebles-MAYO-2025.pdf\"><img decoding=\"async\" src=\"https:\/\/fedefutguate.gt\/informacionpublica\/wp-content\/uploads\/2022\/02\/pngaaa.com-2621310.png\" alt=\"\"><\/a><\/td><td><a href=\"https:\/\/fedefutguate.gt\/informacionpublica\/wp-content\/uploads\/2025\/06\/Inventario-Institucional-de-Bienes-Inmuebles-MAYO-2025.pdf\">Inventario Institucional de Bienes Inmuebles (MAYO 2025)<\/a><\/td><\/tr><tr><td class=\"has-text-align-center\" data-align=\"center\"><a href=\"https:\/\/fedefutguate.gt\/informacionpublica\/wp-content\/uploads\/2025\/07\/Inventario-Institucional-de-Bienes-Muebles-JUNIO-2025.pdf\"><img decoding=\"async\" src=\"https:\/\/fedefutguate.gt\/informacionpublica\/wp-content\/uploads\/2022\/02\/pngaaa.com-2621310.png\" alt=\"\"><\/a><\/td><td>I<a href=\"https:\/\/fedefutguate.gt\/informacionpublica\/wp-content\/uploads\/2025\/07\/Inventario-Institucional-de-Bienes-Muebles-JUNIO-2025.pdf\">nventario Institucional de Bienes Muebles (JUNIO 2025)<\/a><\/td><\/tr><tr><td class=\"has-text-align-center\" data-align=\"center\"><a href=\"https:\/\/fedefutguate.gt\/informacionpublica\/wp-content\/uploads\/2025\/07\/Inventario-Institucional-de-Bienes-Inmuebles-JUNIO-2025.pdf\"><img decoding=\"async\" src=\"https:\/\/fedefutguate.gt\/informacionpublica\/wp-content\/uploads\/2022\/02\/pngaaa.com-2621310.png\" alt=\"\"><\/a><\/td><td><a href=\"https:\/\/fedefutguate.gt\/informacionpublica\/wp-content\/uploads\/2025\/07\/Inventario-Institucional-de-Bienes-Inmuebles-JUNIO-2025.pdf\">Inventario Institucional de Bienes Inmuebles (JUNIO 2025)<\/a><\/td><\/tr><tr><td class=\"has-text-align-center\" data-align=\"center\"><a href=\"https:\/\/fedefutguate.gt\/informacionpublica\/wp-content\/uploads\/2025\/08\/Inventario-Institucional-de-Bienes-Muebles-JULIO-2025.pdf\"><img decoding=\"async\" src=\"https:\/\/fedefutguate.gt\/informacionpublica\/wp-content\/uploads\/2022\/02\/pngaaa.com-2621310.png\" alt=\"\"><\/a><\/td><td><a href=\"https:\/\/fedefutguate.gt\/informacionpublica\/wp-content\/uploads\/2025\/08\/Inventario-Institucional-de-Bienes-Muebles-JULIO-2025.pdf\">Inventario Institucional de Bienes Muebles (JULIO 2025)<\/a><\/td><\/tr><tr><td class=\"has-text-align-center\" data-align=\"center\"><a href=\"https:\/\/fedefutguate.gt\/informacionpublica\/wp-content\/uploads\/2025\/08\/Inventario-Institucional-de-Bienes-Inmuebles-JULIO-2025.pdf\"><img decoding=\"async\" src=\"https:\/\/fedefutguate.gt\/informacionpublica\/wp-content\/uploads\/2022\/02\/pngaaa.com-2621310.png\" alt=\"\"><\/a><\/td><td><br><a href=\"https:\/\/fedefutguate.gt\/informacionpublica\/wp-content\/uploads\/2025\/08\/Inventario-Institucional-de-Bienes-Inmuebles-JULIO-2025.pdf\">Inventario Institucional de<\/a> <a href=\"https:\/\/fedefutguate.gt\/informacionpublica\/wp-content\/uploads\/2025\/08\/Inventario-Institucional-de-Bienes-Inmuebles-JULIO-2025.pdf\">Bienes Inmuebles (JULIO 2025)<\/a><\/td><\/tr><tr><td class=\"has-text-align-center\" data-align=\"center\"><a href=\"https:\/\/fedefutguate.gt\/informacionpublica\/wp-content\/uploads\/2025\/09\/Inventario-Institucional-de-Bienes-Muebles-AGOSTO-2025.pdf\"><img decoding=\"async\" src=\"https:\/\/fedefutguate.gt\/informacionpublica\/wp-content\/uploads\/2022\/02\/pngaaa.com-2621310.png\" alt=\"\"><\/a><\/td><td><a href=\"https:\/\/fedefutguate.gt\/informacionpublica\/wp-content\/uploads\/2025\/09\/Inventario-Institucional-de-Bienes-Muebles-AGOSTO-2025.pdf\">Inventario Institucional de Bienes Muebles (AGOSTO 2025)<\/a><\/td><\/tr><tr><td class=\"has-text-align-center\" data-align=\"center\"><a href=\"https:\/\/fedefutguate.gt\/informacionpublica\/wp-content\/uploads\/2025\/09\/Inventario-Institucional-de-Bienes-Inmuebles-AGOSTO-2025.pdf\"><img decoding=\"async\" src=\"https:\/\/fedefutguate.gt\/informacionpublica\/wp-content\/uploads\/2022\/02\/pngaaa.com-2621310.png\" alt=\"\"><\/a><\/td><td><a href=\"https:\/\/fedefutguate.gt\/informacionpublica\/wp-content\/uploads\/2025\/09\/Inventario-Institucional-de-Bienes-Inmuebles-AGOSTO-2025.pdf\">Inventario Institucional de Bienes Inmuebles (AGOSTO 2025)<\/a><\/td><\/tr><tr><td class=\"has-text-align-center\" data-align=\"center\"><a href=\"https:\/\/fedefutguate.gt\/informacionpublica\/wp-content\/uploads\/2025\/10\/Inventario-Institucional-de-Bienes-Muebles-SEPTIEMBRE-2025.pdf\"><img decoding=\"async\" src=\"https:\/\/fedefutguate.gt\/informacionpublica\/wp-content\/uploads\/2022\/02\/pngaaa.com-2621310.png\" alt=\"\"><\/a><\/td><td><a href=\"https:\/\/fedefutguate.gt\/informacionpublica\/wp-content\/uploads\/2025\/10\/Inventario-Institucional-de-Bienes-Muebles-SEPTIEMBRE-2025.pdf\">Inventario Institucional de Bienes Muebles (SEPTIEMBRE 2025)<\/a><\/td><\/tr><tr><td class=\"has-text-align-center\" data-align=\"center\"><a href=\"https:\/\/fedefutguate.gt\/informacionpublica\/wp-content\/uploads\/2025\/10\/Inventario-Institucional-de-Bienes-Inmuebles-SEPTIEMBRE-2025.pdf\"><img decoding=\"async\" src=\"https:\/\/fedefutguate.gt\/informacionpublica\/wp-content\/uploads\/2022\/02\/pngaaa.com-2621310.png\" alt=\"\"><\/a><\/td><td><a href=\"https:\/\/fedefutguate.gt\/informacionpublica\/wp-content\/uploads\/2025\/10\/Inventario-Institucional-de-Bienes-Inmuebles-SEPTIEMBRE-2025.pdf\">Inventario Institucional de Bienes Inmuebles (SEPTIEMBRE 2025)<\/a><\/td><\/tr><tr><td class=\"has-text-align-center\" data-align=\"center\"><a href=\"https:\/\/fedefutguate.gt\/informacionpublica\/wp-content\/uploads\/2025\/11\/Inventario-Institucional-de-Bienes-Muebles-OCTUBRE-2025.pdf\"><img decoding=\"async\" src=\"https:\/\/fedefutguate.gt\/informacionpublica\/wp-content\/uploads\/2022\/02\/pngaaa.com-2621310.png\" alt=\"\"><\/a><\/td><td><a href=\"https:\/\/fedefutguate.gt\/informacionpublica\/wp-content\/uploads\/2025\/11\/Inventario-Institucional-de-Bienes-Muebles-OCTUBRE-2025.pdf\">Inventario Institucional de Bienes Muebles (OCTUBRE 2025)<\/a><\/td><\/tr><tr><td class=\"has-text-align-center\" data-align=\"center\"><a href=\"https:\/\/fedefutguate.gt\/informacionpublica\/wp-content\/uploads\/2025\/11\/Inventario-Institucional-de-Bienes-Inmuebles-OCTUBRE-2025.pdf\"><img decoding=\"async\" src=\"https:\/\/fedefutguate.gt\/informacionpublica\/wp-content\/uploads\/2022\/02\/pngaaa.com-2621310.png\" alt=\"\"><\/a><\/td><td><br><a href=\"https:\/\/fedefutguate.gt\/informacionpublica\/wp-content\/uploads\/2025\/11\/Inventario-Institucional-de-Bienes-Inmuebles-OCTUBRE-2025.pdf\">Inventario Institucional de Bienes Inmuebles (OCTUBRE 2025)<\/a><\/td><\/tr><tr><td class=\"has-text-align-center\" data-align=\"center\"><a href=\"https:\/\/fedefutguate.gt\/informacionpublica\/wp-content\/uploads\/2025\/12\/Inventario-Institucional-de-Bienes-Muebles-NOVIEMBRE-2025.pdf\"><img decoding=\"async\" src=\"https:\/\/fedefutguate.gt\/informacionpublica\/wp-content\/uploads\/2022\/02\/pngaaa.com-2621310.png\" alt=\"\"><\/a><\/td><td><a href=\"https:\/\/fedefutguate.gt\/informacionpublica\/wp-content\/uploads\/2025\/12\/Inventario-Institucional-de-Bienes-Muebles-NOVIEMBRE-2025.pdf\">Inventario Institucional de Bienes Muebles (NOVIEMBRE 2025)<\/a><\/td><\/tr><tr><td class=\"has-text-align-center\" data-align=\"center\"><a href=\"https:\/\/fedefutguate.gt\/informacionpublica\/wp-content\/uploads\/2025\/12\/Inventario-Institucional-de-Bienes-Inmuebles-NOVIEMBRE-2025.pdf\"><img decoding=\"async\" src=\"https:\/\/fedefutguate.gt\/informacionpublica\/wp-content\/uploads\/2022\/02\/pngaaa.com-2621310.png\" alt=\"\"><\/a><\/td><td><a href=\"https:\/\/fedefutguate.gt\/informacionpublica\/wp-content\/uploads\/2025\/12\/Inventario-Institucional-de-Bienes-Inmuebles-NOVIEMBRE-2025.pdf\">Inventario Institucional de Bienes Inmuebles (NOVIEMBRE 2025)<\/a><\/td><\/tr><tr><td class=\"has-text-align-center\" data-align=\"center\"><a href=\"https:\/\/fedefutguate.gt\/informacionpublica\/wp-content\/uploads\/2026\/01\/Inventario-Institucional-de-Bienes-Muebles-DICIEMBRE-2025.pdf\"><img decoding=\"async\" src=\"https:\/\/fedefutguate.gt\/informacionpublica\/wp-content\/uploads\/2022\/02\/pngaaa.com-2621310.png\" alt=\"\"><\/a><\/td><td><a href=\"https:\/\/fedefutguate.gt\/informacionpublica\/wp-content\/uploads\/2026\/01\/Inventario-Institucional-de-Bienes-Muebles-DICIEMBRE-2025.pdf\">Inventario Institucional de Bienes Muebles (DICIEMBRE 2025)<\/a><\/td><\/tr><tr><td class=\"has-text-align-center\" data-align=\"center\"><a href=\"https:\/\/fedefutguate.gt\/informacionpublica\/wp-content\/uploads\/2026\/01\/Inventario-Institucional-de-Bienes-Inmuebles-DICIEMBRE-2025.pdf\"><img decoding=\"async\" src=\"https:\/\/fedefutguate.gt\/informacionpublica\/wp-content\/uploads\/2022\/02\/pngaaa.com-2621310.png\" alt=\"\"><\/a><\/td><td><a href=\"https:\/\/fedefutguate.gt\/informacionpublica\/wp-content\/uploads\/2026\/01\/Inventario-Institucional-de-Bienes-Inmuebles-DICIEMBRE-2025.pdf\">Inventario Institucional de Bienes Inmuebles (DICIEMBRE 2025)<\/a><\/td><\/tr><\/tbody><\/table><\/figure>\n\n\n\n<p><\/p>\n","protected":false},"excerpt":{"rendered":"<p>La informaci\u00f3n relacionada al inventario de bienes muebles e inmuebles con que cuenta la instituci\u00f3n. Art\u00edculo 10, numeral 13 de la Ley de Acceso a la Informaci\u00f3n P\u00fablica Inventario Institucional de Bienes Muebles (ENERO 2025) Inventario Institucional de Bienes Inmuebles (ENERO 2025) Inventario Institucional de Bienes Muebles (FEBRERO 2025) Inventario Institucional de Bienes Inmuebles (FEBRERO &#8230; <a title=\"INVENTARIO DE BIENES MUEBLES E INMUEBLES -2025-\" class=\"read-more\" href=\"https:\/\/fedefutguate.gt\/informacionpublica\/inventario-de-bienes-muebles-e-inmuebles-2025\/\" aria-label=\"Read more about INVENTARIO DE BIENES MUEBLES E INMUEBLES -2025-\">Read more<\/a><\/p>\n","protected":false},"author":2,"featured_media":0,"parent":0,"menu_order":0,"comment_status":"closed","ping_status":"closed","template":"","meta":{"footnotes":""},"class_list":["post-5485","page","type-page","status-publish"],"_links":{"self":[{"href":"https:\/\/fedefutguate.gt\/informacionpublica\/wp-json\/wp\/v2\/pages\/5485","targetHints":{"allow":["GET"]}}],"collection":[{"href":"https:\/\/fedefutguate.gt\/informacionpublica\/wp-json\/wp\/v2\/pages"}],"about":[{"href":"https:\/\/fedefutguate.gt\/informacionpublica\/wp-json\/wp\/v2\/types\/page"}],"author":[{"embeddable":true,"href":"https:\/\/fedefutguate.gt\/informacionpublica\/wp-json\/wp\/v2\/users\/2"}],"replies":[{"embeddable":true,"href":"https:\/\/fedefutguate.gt\/informacionpublica\/wp-json\/wp\/v2\/comments?post=5485"}],"version-history":[{"count":14,"href":"https:\/\/fedefutguate.gt\/informacionpublica\/wp-json\/wp\/v2\/pages\/5485\/revisions"}],"predecessor-version":[{"id":6981,"href":"https:\/\/fedefutguate.gt\/informacionpublica\/wp-json\/wp\/v2\/pages\/5485\/revisions\/6981"}],"wp:attachment":[{"href":"https:\/\/fedefutguate.gt\/informacionpublica\/wp-json\/wp\/v2\/media?parent=5485"}],"curies":[{"name":"wp","href":"https:\/\/api.w.org\/{rel}","templated":true}]}}