{"id":5496,"date":"2025-02-04T03:23:04","date_gmt":"2025-02-04T02:23:04","guid":{"rendered":"https:\/\/fedefutguate.gt\/informacionpublica\/?page_id=5496"},"modified":"2025-02-25T16:29:29","modified_gmt":"2025-02-25T15:29:29","slug":"informacion-sobre-contratos-licencias-o-concesiones-para-el-usufructo-o-explotacion-de-bienes-del-estado-2025","status":"publish","type":"page","link":"https:\/\/fedefutguate.gt\/informacionpublica\/informacion-sobre-contratos-licencias-o-concesiones-para-el-usufructo-o-explotacion-de-bienes-del-estado-2025\/","title":{"rendered":"INFORMACI\u00d3N SOBRE CONTRATOS, LICENCIAS O CONCESIONES PARA EL USUFRUCTO O EXPLOTACI\u00d3N DE BIENES DEL ESTADO -2025-"},"content":{"rendered":"\n<p class=\"has-contrast-2-color has-text-color\">La informaci\u00f3n relacionada a los contratos, licencias o concesiones para el usufructo o explotaci\u00f3n de bienes del Estado.<\/p>\n\n\n\n<p>Art\u00edculo 10, numeral 16 de la Ley de Acceso a la Informaci\u00f3n P\u00fablica<\/p>\n\n\n\n<figure class=\"wp-block-table is-style-stripes\"><table><tbody><tr><td class=\"has-text-align-center\" data-align=\"center\"><a href=\"https:\/\/fedefutguate.gt\/informacionpublica\/wp-content\/uploads\/2025\/02\/USUFRUCTOS-OTORGADOS-A-FAVOR-DE-LA-FEDEFUT-2025-1.pdf\"><img loading=\"lazy\" decoding=\"async\" width=\"50\" height=\"58\" src=\"https:\/\/fedefutguate.gt\/informacionpublica\/wp-content\/uploads\/2022\/02\/pngaaa.com-2621310.png\" alt=\"\"><\/a><\/td><td><br>U<a href=\"https:\/\/fedefutguate.gt\/informacionpublica\/wp-content\/uploads\/2025\/02\/USUFRUCTOS-OTORGADOS-A-FAVOR-DE-LA-FEDEFUT-2025-1.pdf\">SUFRUCTOS OTORGADOS A FAVOR DE LA FEDERACI\u00d3N NACIONAL DE F\u00daTBOL DE GUATEMALA (Vigente para el a\u00f1o 2025)<\/a><\/td><\/tr><\/tbody><\/table><\/figure>\n\n\n\n<figure class=\"wp-block-table is-style-stripes\"><table><tbody><tr><td class=\"has-text-align-center\" data-align=\"center\"><a href=\"https:\/\/fedefutguate.gt\/informacionpublica\/wp-content\/uploads\/2025\/02\/USUFRUCTOS-OTORGADOS-POR-LA-FEDEFUT-2025-1.pdf\"><img loading=\"lazy\" decoding=\"async\" width=\"50\" height=\"58\" src=\"https:\/\/fedefutguate.gt\/informacionpublica\/wp-content\/uploads\/2022\/02\/pngaaa.com-2621310.png\" alt=\"\"><\/a><\/td><td><a href=\"https:\/\/fedefutguate.gt\/informacionpublica\/wp-content\/uploads\/2025\/02\/USUFRUCTOS-OTORGADOS-POR-LA-FEDEFUT-2025-1.pdf\">USUFRUCTOS OTORGADOS POR LA FEDERACI\u00d3N NACIONAL DE F\u00daTBOL DE GUATEMALA (Vigente para el a\u00f1o 2025)<\/a><\/td><\/tr><\/tbody><\/table><\/figure>\n\n\n\n<p><\/p>\n","protected":false},"excerpt":{"rendered":"<p>La informaci\u00f3n relacionada a los contratos, licencias o concesiones para el usufructo o explotaci\u00f3n de bienes del Estado. Art\u00edculo 10, numeral 16 de la Ley de Acceso a la Informaci\u00f3n P\u00fablica USUFRUCTOS OTORGADOS A FAVOR DE LA FEDERACI\u00d3N NACIONAL DE F\u00daTBOL DE GUATEMALA (Vigente para el a\u00f1o 2025) USUFRUCTOS OTORGADOS POR LA FEDERACI\u00d3N NACIONAL DE &#8230; <a title=\"INFORMACI\u00d3N SOBRE CONTRATOS, LICENCIAS O CONCESIONES PARA EL USUFRUCTO O EXPLOTACI\u00d3N DE BIENES DEL ESTADO -2025-\" class=\"read-more\" href=\"https:\/\/fedefutguate.gt\/informacionpublica\/informacion-sobre-contratos-licencias-o-concesiones-para-el-usufructo-o-explotacion-de-bienes-del-estado-2025\/\" aria-label=\"Read more about INFORMACI\u00d3N SOBRE CONTRATOS, LICENCIAS O CONCESIONES PARA EL USUFRUCTO O EXPLOTACI\u00d3N DE BIENES DEL ESTADO -2025-\">Read more<\/a><\/p>\n","protected":false},"author":2,"featured_media":0,"parent":0,"menu_order":0,"comment_status":"closed","ping_status":"closed","template":"","meta":{"footnotes":""},"class_list":["post-5496","page","type-page","status-publish"],"_links":{"self":[{"href":"https:\/\/fedefutguate.gt\/informacionpublica\/wp-json\/wp\/v2\/pages\/5496","targetHints":{"allow":["GET"]}}],"collection":[{"href":"https:\/\/fedefutguate.gt\/informacionpublica\/wp-json\/wp\/v2\/pages"}],"about":[{"href":"https:\/\/fedefutguate.gt\/informacionpublica\/wp-json\/wp\/v2\/types\/page"}],"author":[{"embeddable":true,"href":"https:\/\/fedefutguate.gt\/informacionpublica\/wp-json\/wp\/v2\/users\/2"}],"replies":[{"embeddable":true,"href":"https:\/\/fedefutguate.gt\/informacionpublica\/wp-json\/wp\/v2\/comments?post=5496"}],"version-history":[{"count":3,"href":"https:\/\/fedefutguate.gt\/informacionpublica\/wp-json\/wp\/v2\/pages\/5496\/revisions"}],"predecessor-version":[{"id":5898,"href":"https:\/\/fedefutguate.gt\/informacionpublica\/wp-json\/wp\/v2\/pages\/5496\/revisions\/5898"}],"wp:attachment":[{"href":"https:\/\/fedefutguate.gt\/informacionpublica\/wp-json\/wp\/v2\/media?parent=5496"}],"curies":[{"name":"wp","href":"https:\/\/api.w.org\/{rel}","templated":true}]}}