{"id":5505,"date":"2025-02-04T04:14:45","date_gmt":"2025-02-04T03:14:45","guid":{"rendered":"https:\/\/fedefutguate.gt\/informacionpublica\/?page_id=5505"},"modified":"2026-01-26T22:31:41","modified_gmt":"2026-01-26T21:31:41","slug":"contratos-de-arrendamiento-de-inmuebles-equipo-maquinaria-o-cualquier-otro-bien-o-servicio-2025","status":"publish","type":"page","link":"https:\/\/fedefutguate.gt\/informacionpublica\/contratos-de-arrendamiento-de-inmuebles-equipo-maquinaria-o-cualquier-otro-bien-o-servicio-2025\/","title":{"rendered":"CONTRATOS DE ARRENDAMIENTO DE INMUEBLES, EQUIPO, MAQUINARIA O CUALQUIER OTRO BIEN O SERVICIO -2025-"},"content":{"rendered":"\n<p class=\"has-contrast-2-color has-text-color\">Los contratos de arrendamiento de inmuebles, equipo, maquinaria o cualquier otro bien o servicio, especificando las caracter\u00edsticas de los mismos, motivos del arrendamiento, datos generales del arrendatario, monto y plazo de los contratos.<\/p>\n\n\n\n<p>Art\u00edculo 10, numeral 19 de la Ley de Acceso a la Informaci\u00f3n P\u00fablica.<\/p>\n\n\n\n<figure class=\"wp-block-table is-style-stripes\"><table><tbody><tr><td class=\"has-text-align-center\" data-align=\"center\"><a href=\"https:\/\/fedefutguate.gt\/informacionpublica\/wp-content\/uploads\/2025\/02\/Contratos-de-Arrendamiento-ENERO-2025.pdf\"><img loading=\"lazy\" decoding=\"async\" width=\"50\" height=\"58\" class=\"wp-image-266\" style=\"width: 50px;\" src=\"https:\/\/fedefutguate.gt\/informacionpublica\/wp-content\/uploads\/2022\/02\/pngaaa.com-2621310.png\" alt=\"\"><\/a><\/td><td><a href=\"https:\/\/fedefutguate.gt\/informacionpublica\/wp-content\/uploads\/2025\/02\/Contratos-de-Arrendamiento-ENERO-2025.pdf\">Contratos de Arrendamiento de Inmuebles, Equipo, Maquinaria o cualquier otro Bien o <\/a>S<a href=\"https:\/\/fedefutguate.gt\/informacionpublica\/wp-content\/uploads\/2025\/02\/Contratos-de-Arrendamiento-ENERO-2025.pdf\">ervicio (ENERO 2025)<\/a><\/td><\/tr><tr><td class=\"has-text-align-center\" data-align=\"center\"><a href=\"https:\/\/fedefutguate.gt\/informacionpublica\/wp-content\/uploads\/2025\/03\/Contratos-de-Arrendamiento-FEBRERO-2025.pdf\"><img loading=\"lazy\" decoding=\"async\" width=\"50\" height=\"58\" class=\"wp-image-266\" style=\"width: 50px;\" src=\"https:\/\/fedefutguate.gt\/informacionpublica\/wp-content\/uploads\/2022\/02\/pngaaa.com-2621310.png\" alt=\"\"><\/a><\/td><td><a href=\"https:\/\/fedefutguate.gt\/informacionpublica\/wp-content\/uploads\/2025\/03\/Contratos-de-Arrendamiento-FEBRERO-2025.pdf\">Contratos de Arrendamiento de Inmuebles, Equipo, Maquinaria o cualquier otro Bien o Servicio (FEBRERO 2025)<\/a><\/td><\/tr><tr><td class=\"has-text-align-center\" data-align=\"center\"><a href=\"https:\/\/fedefutguate.gt\/informacionpublica\/wp-content\/uploads\/2025\/04\/Contratos-de-Arrendamiento-MARZO-2025.pdf\"><img loading=\"lazy\" decoding=\"async\" width=\"50\" height=\"58\" class=\"wp-image-266\" style=\"width: 50px;\" src=\"https:\/\/fedefutguate.gt\/informacionpublica\/wp-content\/uploads\/2022\/02\/pngaaa.com-2621310.png\" alt=\"\"><\/a><\/td><td><a href=\"https:\/\/fedefutguate.gt\/informacionpublica\/wp-content\/uploads\/2025\/04\/Contratos-de-Arrendamiento-MARZO-2025.pdf\">Contratos de Arrendamiento de Inmuebles, Equipo, Maquinaria o cualquier otro Bien o Servicio (MARZO 2025)<\/a><\/td><\/tr><tr><td class=\"has-text-align-center\" data-align=\"center\"><a href=\"https:\/\/fedefutguate.gt\/informacionpublica\/wp-content\/uploads\/2025\/05\/Contratos-de-Arrendamiento-ABRIL-2025.pdf\"><img loading=\"lazy\" decoding=\"async\" width=\"50\" height=\"58\" class=\"wp-image-266\" style=\"width: 50px;\" src=\"https:\/\/fedefutguate.gt\/informacionpublica\/wp-content\/uploads\/2022\/02\/pngaaa.com-2621310.png\" alt=\"\"><\/a><\/td><td><a href=\"https:\/\/fedefutguate.gt\/informacionpublica\/wp-content\/uploads\/2025\/05\/Contratos-de-Arrendamiento-ABRIL-2025.pdf\">Contratos de Arrendamiento de Inmuebles, Equipo, Maquinaria o cualquier otro Bien o Servicio (ABRIL 2025)<\/a><\/td><\/tr><tr><td class=\"has-text-align-center\" data-align=\"center\"><a href=\"https:\/\/fedefutguate.gt\/informacionpublica\/wp-content\/uploads\/2025\/06\/Contratos-de-Arrendamiento-MAYO-2025.pdf\"><img loading=\"lazy\" decoding=\"async\" width=\"50\" height=\"58\" class=\"wp-image-266\" style=\"width: 50px;\" src=\"https:\/\/fedefutguate.gt\/informacionpublica\/wp-content\/uploads\/2022\/02\/pngaaa.com-2621310.png\" alt=\"\"><\/a><\/td><td><a href=\"https:\/\/fedefutguate.gt\/informacionpublica\/wp-content\/uploads\/2025\/06\/Contratos-de-Arrendamiento-MAYO-2025.pdf\">Contratos de Arrendamiento de Inmuebles, Equipo, Maquinaria o cualquier otro Bien o Servicio (MAYO 2025)<\/a><\/td><\/tr><tr><td class=\"has-text-align-center\" data-align=\"center\"><a href=\"https:\/\/fedefutguate.gt\/informacionpublica\/wp-content\/uploads\/2025\/07\/Contratos-de-Arrendamiento-JUNIO-2025.pdf\"><img loading=\"lazy\" decoding=\"async\" width=\"50\" height=\"58\" class=\"wp-image-266\" style=\"width: 50px;\" src=\"https:\/\/fedefutguate.gt\/informacionpublica\/wp-content\/uploads\/2022\/02\/pngaaa.com-2621310.png\" alt=\"\"><\/a><\/td><td><a href=\"https:\/\/fedefutguate.gt\/informacionpublica\/wp-content\/uploads\/2025\/07\/Contratos-de-Arrendamiento-JUNIO-2025.pdf\">Contratos de Arrendamiento de Inmuebles, Equipo, Maquinaria o cualquier otro Bien o Servicio (JUNIO 2025)<\/a><\/td><\/tr><tr><td class=\"has-text-align-center\" data-align=\"center\"><a href=\"https:\/\/fedefutguate.gt\/informacionpublica\/wp-content\/uploads\/2025\/08\/Contratos-de-Arrendamiento-JULIO-2025.pdf\"><img loading=\"lazy\" decoding=\"async\" width=\"50\" height=\"58\" class=\"wp-image-266\" style=\"width: 50px;\" src=\"https:\/\/fedefutguate.gt\/informacionpublica\/wp-content\/uploads\/2022\/02\/pngaaa.com-2621310.png\" alt=\"\"><\/a><\/td><td><a href=\"https:\/\/fedefutguate.gt\/informacionpublica\/wp-content\/uploads\/2025\/08\/Contratos-de-Arrendamiento-JULIO-2025.pdf\">Contratos de Arrendamiento de Inmuebles, Equipo, Maquinaria o cualquier otro Bien o Servicio (JULIO 2025)<\/a><\/td><\/tr><tr><td class=\"has-text-align-center\" data-align=\"center\"><a href=\"https:\/\/fedefutguate.gt\/informacionpublica\/wp-content\/uploads\/2025\/09\/Contratos-de-Arrendamiento-AGOSTO-2025.pdf\"><img loading=\"lazy\" decoding=\"async\" width=\"50\" height=\"58\" class=\"wp-image-266\" style=\"width: 50px;\" src=\"https:\/\/fedefutguate.gt\/informacionpublica\/wp-content\/uploads\/2022\/02\/pngaaa.com-2621310.png\" alt=\"\"><\/a><\/td><td><a href=\"https:\/\/fedefutguate.gt\/informacionpublica\/wp-content\/uploads\/2025\/09\/Contratos-de-Arrendamiento-AGOSTO-2025.pdf\">Contratos de Arrendamiento de Inmuebles, Equipo, Maquinaria o cualquier otro Bien o Servicio (AGOSTO 2025)<\/a><\/td><\/tr><tr><td class=\"has-text-align-center\" data-align=\"center\"><a href=\"https:\/\/fedefutguate.gt\/informacionpublica\/wp-content\/uploads\/2025\/10\/Contratos-de-Arrendamiento-SEPTIEMBRE-2025.pdf\"><img loading=\"lazy\" decoding=\"async\" width=\"50\" height=\"58\" class=\"wp-image-266\" style=\"width: 50px;\" src=\"https:\/\/fedefutguate.gt\/informacionpublica\/wp-content\/uploads\/2022\/02\/pngaaa.com-2621310.png\" alt=\"\"><\/a><\/td><td><a href=\"https:\/\/fedefutguate.gt\/informacionpublica\/wp-content\/uploads\/2025\/10\/Contratos-de-Arrendamiento-SEPTIEMBRE-2025.pdf\">Contratos de Arrendamiento de Inmuebles, Equipo, Maquinaria o cualquier otro Bien o Servicio (SEPTIEMBRE 2025)<\/a><\/td><\/tr><tr><td class=\"has-text-align-center\" data-align=\"center\"><a href=\"https:\/\/fedefutguate.gt\/informacionpublica\/wp-content\/uploads\/2025\/11\/Contratos-de-Arrendamiento-OCTUBRE-2025.pdf\"><img loading=\"lazy\" decoding=\"async\" width=\"50\" height=\"58\" class=\"wp-image-266\" style=\"width: 50px;\" src=\"https:\/\/fedefutguate.gt\/informacionpublica\/wp-content\/uploads\/2022\/02\/pngaaa.com-2621310.png\" alt=\"\"><\/a><\/td><td><a href=\"https:\/\/fedefutguate.gt\/informacionpublica\/wp-content\/uploads\/2025\/11\/Contratos-de-Arrendamiento-OCTUBRE-2025.pdf\">Contratos de Arrendamiento de Inmuebles, Equipo, Maquinaria o cualquier otro Bien o Servicio (OCTUBRE 2025)<\/a><\/td><\/tr><tr><td class=\"has-text-align-center\" data-align=\"center\"><a href=\"https:\/\/fedefutguate.gt\/informacionpublica\/wp-content\/uploads\/2026\/01\/Contratos-de-Arrendamiento-NOVIEMBRE-2025.pdf\"><img loading=\"lazy\" decoding=\"async\" width=\"50\" height=\"58\" class=\"wp-image-266\" style=\"width: 50px;\" src=\"https:\/\/fedefutguate.gt\/informacionpublica\/wp-content\/uploads\/2022\/02\/pngaaa.com-2621310.png\" alt=\"\"><\/a><\/td><td><a href=\"https:\/\/fedefutguate.gt\/informacionpublica\/wp-content\/uploads\/2026\/01\/Contratos-de-Arrendamiento-NOVIEMBRE-2025.pdf\">Contratos de Arrendamiento de Inmuebles, Equipo, Maquinaria o cualquier otro Bien o Servicio (NOVIEMBRE 2025)<\/a><\/td><\/tr><tr><td class=\"has-text-align-center\" data-align=\"center\"><a href=\"https:\/\/fedefutguate.gt\/informacionpublica\/wp-content\/uploads\/2026\/01\/Contratos-de-Arrendamiento-DICIEMBRE-2025.pdf\"><img loading=\"lazy\" decoding=\"async\" width=\"50\" height=\"58\" class=\"wp-image-266\" style=\"width: 50px;\" src=\"https:\/\/fedefutguate.gt\/informacionpublica\/wp-content\/uploads\/2022\/02\/pngaaa.com-2621310.png\" alt=\"\"><\/a><\/td><td><a href=\"https:\/\/fedefutguate.gt\/informacionpublica\/wp-content\/uploads\/2026\/01\/Contratos-de-Arrendamiento-DICIEMBRE-2025.pdf\">Contratos de Arrendamiento de Inmuebles, Equipo, Maquinaria o cualquier otro Bien o Servicio (DICIEMBRE 2025)<\/a><\/td><\/tr><\/tbody><\/table><\/figure>\n\n\n\n<p><\/p>\n","protected":false},"excerpt":{"rendered":"<p>Los contratos de arrendamiento de inmuebles, equipo, maquinaria o cualquier otro bien o servicio, especificando las caracter\u00edsticas de los mismos, motivos del arrendamiento, datos generales del arrendatario, monto y plazo de los contratos. Art\u00edculo 10, numeral 19 de la Ley de Acceso a la Informaci\u00f3n P\u00fablica. Contratos de Arrendamiento de Inmuebles, Equipo, Maquinaria o cualquier &#8230; <a title=\"CONTRATOS DE ARRENDAMIENTO DE INMUEBLES, EQUIPO, MAQUINARIA O CUALQUIER OTRO BIEN O SERVICIO -2025-\" class=\"read-more\" href=\"https:\/\/fedefutguate.gt\/informacionpublica\/contratos-de-arrendamiento-de-inmuebles-equipo-maquinaria-o-cualquier-otro-bien-o-servicio-2025\/\" aria-label=\"Read more about CONTRATOS DE ARRENDAMIENTO DE INMUEBLES, EQUIPO, MAQUINARIA O CUALQUIER OTRO BIEN O SERVICIO -2025-\">Read more<\/a><\/p>\n","protected":false},"author":2,"featured_media":0,"parent":0,"menu_order":0,"comment_status":"closed","ping_status":"closed","template":"","meta":{"footnotes":""},"class_list":["post-5505","page","type-page","status-publish"],"_links":{"self":[{"href":"https:\/\/fedefutguate.gt\/informacionpublica\/wp-json\/wp\/v2\/pages\/5505","targetHints":{"allow":["GET"]}}],"collection":[{"href":"https:\/\/fedefutguate.gt\/informacionpublica\/wp-json\/wp\/v2\/pages"}],"about":[{"href":"https:\/\/fedefutguate.gt\/informacionpublica\/wp-json\/wp\/v2\/types\/page"}],"author":[{"embeddable":true,"href":"https:\/\/fedefutguate.gt\/informacionpublica\/wp-json\/wp\/v2\/users\/2"}],"replies":[{"embeddable":true,"href":"https:\/\/fedefutguate.gt\/informacionpublica\/wp-json\/wp\/v2\/comments?post=5505"}],"version-history":[{"count":13,"href":"https:\/\/fedefutguate.gt\/informacionpublica\/wp-json\/wp\/v2\/pages\/5505\/revisions"}],"predecessor-version":[{"id":6994,"href":"https:\/\/fedefutguate.gt\/informacionpublica\/wp-json\/wp\/v2\/pages\/5505\/revisions\/6994"}],"wp:attachment":[{"href":"https:\/\/fedefutguate.gt\/informacionpublica\/wp-json\/wp\/v2\/media?parent=5505"}],"curies":[{"name":"wp","href":"https:\/\/api.w.org\/{rel}","templated":true}]}}