{"id":5519,"date":"2025-02-04T04:24:55","date_gmt":"2025-02-04T03:24:55","guid":{"rendered":"https:\/\/fedefutguate.gt\/informacionpublica\/?page_id=5519"},"modified":"2026-01-26T22:37:32","modified_gmt":"2026-01-26T21:37:32","slug":"informes-finales-de-las-auditorias-gubernamentales-o-privadas-2025","status":"publish","type":"page","link":"https:\/\/fedefutguate.gt\/informacionpublica\/informes-finales-de-las-auditorias-gubernamentales-o-privadas-2025\/","title":{"rendered":"INFORMES FINALES DE LAS AUDITOR\u00cdAS GUBERNAMENTALES O PRIVADAS -2025-"},"content":{"rendered":"\n<p class=\"has-contrast-2-color has-text-color\">Los informes finales de las auditorias gubernamentales o privadas practicadas a los sujetos obligados, conforme a los per\u00edodos de revisi\u00f3n correspondientes.<\/p>\n\n\n\n<p>Art\u00edculo 10, numeral 23 de la Ley de Acceso a la Informaci\u00f3n P\u00fablica<\/p>\n\n\n\n<figure class=\"wp-block-table is-style-stripes has-small-font-size\"><table class=\"has-contrast-2-color has-text-color\"><tbody><tr><td class=\"has-text-align-center\" data-align=\"center\"><a href=\"https:\/\/fedefutguate.gt\/informacionpublica\/wp-content\/uploads\/2025\/02\/JUSTIFICACION-TECNICA-ENERO-2025.pdf\"><img loading=\"lazy\" decoding=\"async\" width=\"50\" height=\"58\" class=\"wp-image-266\" style=\"width: 50px;\" src=\"https:\/\/fedefutguate.gt\/informacionpublica\/wp-content\/uploads\/2022\/02\/pngaaa.com-2621310.png\" alt=\"\"><\/a><\/td><td> <a href=\"https:\/\/fedefutguate.gt\/informacionpublica\/wp-content\/uploads\/2025\/02\/JUSTIFICACION-TECNICA-ENERO-2025.pdf\">Justificaci\u00f3n T\u00e9cnica ENERO 2025<\/a><\/td><\/tr><tr><td class=\"has-text-align-center\" data-align=\"center\"><a href=\"https:\/\/fedefutguate.gt\/informacionpublica\/wp-content\/uploads\/2025\/03\/JUSTIFICACION-TECNICA-FEBRERO-2025.pdf\"><img loading=\"lazy\" decoding=\"async\" width=\"50\" height=\"58\" class=\"wp-image-266\" style=\"width: 50px;\" src=\"https:\/\/fedefutguate.gt\/informacionpublica\/wp-content\/uploads\/2022\/02\/pngaaa.com-2621310.png\" alt=\"\"><\/a><\/td><td>J<a href=\"https:\/\/fedefutguate.gt\/informacionpublica\/wp-content\/uploads\/2025\/03\/JUSTIFICACION-TECNICA-FEBRERO-2025.pdf\">ustificaci\u00f3n T\u00e9cnica FEBRERO 2025<\/a><\/td><\/tr><tr><td class=\"has-text-align-center\" data-align=\"center\"><a href=\"https:\/\/fedefutguate.gt\/informacionpublica\/wp-content\/uploads\/2025\/04\/JUSTIFICACION-TECNICA-MARZO-2025.pdf\"><img loading=\"lazy\" decoding=\"async\" width=\"50\" height=\"58\" class=\"wp-image-266\" style=\"width: 50px;\" src=\"https:\/\/fedefutguate.gt\/informacionpublica\/wp-content\/uploads\/2022\/02\/pngaaa.com-2621310.png\" alt=\"\"><\/a><\/td><td>J<a href=\"https:\/\/fedefutguate.gt\/informacionpublica\/wp-content\/uploads\/2025\/04\/JUSTIFICACION-TECNICA-MARZO-2025.pdf\">ustificaci\u00f3n T\u00e9cnica MARZO 2025<\/a><\/td><\/tr><tr><td class=\"has-text-align-center\" data-align=\"center\"><a href=\"https:\/\/fedefutguate.gt\/informacionpublica\/wp-content\/uploads\/2025\/05\/JUSTIFICACION-TECNICA-ABRIL-2025.pdf\"><img loading=\"lazy\" decoding=\"async\" width=\"50\" height=\"58\" class=\"wp-image-266\" style=\"width: 50px;\" src=\"https:\/\/fedefutguate.gt\/informacionpublica\/wp-content\/uploads\/2022\/02\/pngaaa.com-2621310.png\" alt=\"\"><\/a><\/td><td><a href=\"https:\/\/fedefutguate.gt\/informacionpublica\/wp-content\/uploads\/2025\/05\/JUSTIFICACION-TECNICA-ABRIL-2025.pdf\">Justificaci\u00f3n T\u00e9cnica ABRIL 2025<\/a><\/td><\/tr><tr><td class=\"has-text-align-center\" data-align=\"center\"><a href=\"https:\/\/fedefutguate.gt\/informacionpublica\/wp-content\/uploads\/2025\/05\/CGC-Informe-de-Auditoria-Financiera-y-de-Cumplimiento-2024.pdf\"><img loading=\"lazy\" decoding=\"async\" width=\"50\" height=\"58\" class=\"wp-image-266\" style=\"width: 50px;\" src=\"https:\/\/fedefutguate.gt\/informacionpublica\/wp-content\/uploads\/2022\/02\/pngaaa.com-2621310.png\" alt=\"\"><\/a><\/td><td><a href=\"https:\/\/fedefutguate.gt\/informacionpublica\/wp-content\/uploads\/2025\/05\/CGC-Informe-de-Auditoria-Financiera-y-de-Cumplimiento-2024.pdf\">Informe de Auditor\u00eda Financiera y de Cumplimiento Federaci\u00f3n Nacional de F\u00fatbol de Guatemala del 01 de enero al 31 de diciembre de 2024  emitido por la Contralor\u00eda General de Cuentas <\/a><\/td><\/tr><tr><td class=\"has-text-align-center\" data-align=\"center\"><a href=\"https:\/\/fedefutguate.gt\/informacionpublica\/wp-content\/uploads\/2025\/07\/Informe-estados-financieros-FEDEFUT-2024-FINAL-1.pdf\"><img loading=\"lazy\" decoding=\"async\" width=\"50\" height=\"58\" class=\"wp-image-266\" style=\"width: 50px;\" src=\"https:\/\/fedefutguate.gt\/informacionpublica\/wp-content\/uploads\/2022\/02\/pngaaa.com-2621310.png\" alt=\"\"><\/a><\/td><td><a href=\"https:\/\/fedefutguate.gt\/informacionpublica\/wp-content\/uploads\/2025\/07\/Informe-estados-financieros-FEDEFUT-2024-FINAL-1.pdf\">Informe de los Auditores Independientes y Estados Financieros al 31 de diciembre de 2024 (International Advisor Group &#8211; Auditors &amp; Consultants)<\/a><\/td><\/tr><tr><td class=\"has-text-align-center\" data-align=\"center\"><a href=\"https:\/\/fedefutguate.gt\/informacionpublica\/wp-content\/uploads\/2025\/07\/Estado-de-Ejecucion-Presupuetaria-de-ingresos-y-egresos-31-12-2024-FEDEFUT.pdf\"><img loading=\"lazy\" decoding=\"async\" width=\"50\" height=\"58\" class=\"wp-image-266\" style=\"width: 50px;\" src=\"https:\/\/fedefutguate.gt\/informacionpublica\/wp-content\/uploads\/2022\/02\/pngaaa.com-2621310.png\" alt=\"\"><\/a><\/td><td><a href=\"https:\/\/fedefutguate.gt\/informacionpublica\/wp-content\/uploads\/2025\/07\/Estado-de-Ejecucion-Presupuetaria-de-ingresos-y-egresos-31-12-2024-FEDEFUT.pdf\">Estado de Ejecuci\u00f3n Presupuestaria de Ingresos y Egresos por el a\u00f1o concluido el 31 de diciembre de 2024 (International Advisor Group &#8211; Auditors &amp; Consultants)<\/a><\/td><\/tr><tr><td class=\"has-text-align-center\" data-align=\"center\"><img loading=\"lazy\" decoding=\"async\" width=\"50\" height=\"58\" class=\"wp-image-266\" style=\"width: 50px;\" src=\"https:\/\/fedefutguate.gt\/informacionpublica\/wp-content\/uploads\/2022\/02\/pngaaa.com-2621310.png\" alt=\"\"><\/td><td><a href=\"https:\/\/fedefutguate.gt\/informacionpublica\/wp-content\/uploads\/2025\/08\/Justificacion-Tecnica-Julio-23.pdf\">Justificaci\u00f3n T\u00e9cnica JULIO 2025<\/a><\/td><\/tr><tr><td class=\"has-text-align-center\" data-align=\"center\"><a href=\"https:\/\/fedefutguate.gt\/informacionpublica\/wp-content\/uploads\/2025\/09\/JUSTIFICACION-TECNICA-AGOSTO-2025.pdf\"><img loading=\"lazy\" decoding=\"async\" width=\"50\" height=\"58\" class=\"wp-image-266\" style=\"width: 50px;\" src=\"https:\/\/fedefutguate.gt\/informacionpublica\/wp-content\/uploads\/2022\/02\/pngaaa.com-2621310.png\" alt=\"\"><\/a><\/td><td><a href=\"https:\/\/fedefutguate.gt\/informacionpublica\/wp-content\/uploads\/2025\/09\/JUSTIFICACION-TECNICA-AGOSTO-2025.pdf\">Just<\/a>i<a href=\"https:\/\/fedefutguate.gt\/informacionpublica\/wp-content\/uploads\/2025\/09\/JUSTIFICACION-TECNICA-AGOSTO-2025.pdf\">ficaci\u00f3n T\u00e9cnica AGOSTO 2025<\/a><\/td><\/tr><tr><td class=\"has-text-align-center\" data-align=\"center\"><a href=\"https:\/\/fedefutguate.gt\/informacionpublica\/wp-content\/uploads\/2025\/10\/JUSTIFICACION-TECNICA-SEPTIEMBRE-2025.pdf\"><img loading=\"lazy\" decoding=\"async\" width=\"50\" height=\"58\" class=\"wp-image-266\" style=\"width: 50px;\" src=\"https:\/\/fedefutguate.gt\/informacionpublica\/wp-content\/uploads\/2022\/02\/pngaaa.com-2621310.png\" alt=\"\"><\/a><\/td><td><a href=\"https:\/\/fedefutguate.gt\/informacionpublica\/wp-content\/uploads\/2025\/10\/JUSTIFICACION-TECNICA-SEPTIEMBRE-2025.pdf\">Justificaci\u00f3n T\u00e9cnica SEPTIEMBRE 2025<\/a><\/td><\/tr><tr><td class=\"has-text-align-center\" data-align=\"center\"><a href=\"https:\/\/fedefutguate.gt\/informacionpublica\/wp-content\/uploads\/2025\/11\/JUSTIFICACION-TECNICA-OCTUBRE-2025.pdf\"><img loading=\"lazy\" decoding=\"async\" width=\"50\" height=\"58\" class=\"wp-image-266\" style=\"width: 50px;\" src=\"https:\/\/fedefutguate.gt\/informacionpublica\/wp-content\/uploads\/2022\/02\/pngaaa.com-2621310.png\" alt=\"\"><\/a><\/td><td><a href=\"https:\/\/fedefutguate.gt\/informacionpublica\/wp-content\/uploads\/2025\/11\/JUSTIFICACION-TECNICA-OCTUBRE-2025.pdf\">Justificaci\u00f3n T\u00e9cnica OCTUBRE 2025<\/a><\/td><\/tr><tr><td class=\"has-text-align-center\" data-align=\"center\"><img loading=\"lazy\" decoding=\"async\" width=\"50\" height=\"58\" class=\"wp-image-266\" style=\"width: 50px;\" src=\"https:\/\/fedefutguate.gt\/informacionpublica\/wp-content\/uploads\/2022\/02\/pngaaa.com-2621310.png\" alt=\"\"><\/td><td>J<a href=\"https:\/\/fedefutguate.gt\/informacionpublica\/wp-content\/uploads\/2025\/12\/JUSTIFICACION-TECNICA-NOVIEMBRE-2025.pdf\">ustificaci\u00f3n T\u00e9cnica NOVIEMBRE 2025<\/a><\/td><\/tr><tr><td class=\"has-text-align-center\" data-align=\"center\"><a href=\"https:\/\/fedefutguate.gt\/informacionpublica\/wp-content\/uploads\/2026\/01\/Notificacion-de-Deficiencias-O-CDAG-AI-FUTBOL-05-AOP-2025.pdf\"><img loading=\"lazy\" decoding=\"async\" width=\"50\" height=\"58\" class=\"wp-image-266\" style=\"width: 50px;\" src=\"https:\/\/fedefutguate.gt\/informacionpublica\/wp-content\/uploads\/2022\/02\/pngaaa.com-2621310.png\" alt=\"\"><\/a><\/td><td>N<a href=\"https:\/\/fedefutguate.gt\/informacionpublica\/wp-content\/uploads\/2026\/01\/Notificacion-de-Deficiencias-O-CDAG-AI-FUTBOL-05-AOP-2025.pdf\">otificaci\u00f3n de Deficiencias O-CDAG-AI-FUTBOL-05-AOP-2025<\/a><\/td><\/tr><\/tbody><\/table><\/figure>\n\n\n\n<p><\/p>\n","protected":false},"excerpt":{"rendered":"<p>Los informes finales de las auditorias gubernamentales o privadas practicadas a los sujetos obligados, conforme a los per\u00edodos de revisi\u00f3n correspondientes. Art\u00edculo 10, numeral 23 de la Ley de Acceso a la Informaci\u00f3n P\u00fablica Justificaci\u00f3n T\u00e9cnica ENERO 2025 Justificaci\u00f3n T\u00e9cnica FEBRERO 2025 Justificaci\u00f3n T\u00e9cnica MARZO 2025 Justificaci\u00f3n T\u00e9cnica ABRIL 2025 Informe de Auditor\u00eda Financiera y &#8230; <a title=\"INFORMES FINALES DE LAS AUDITOR\u00cdAS GUBERNAMENTALES O PRIVADAS -2025-\" class=\"read-more\" href=\"https:\/\/fedefutguate.gt\/informacionpublica\/informes-finales-de-las-auditorias-gubernamentales-o-privadas-2025\/\" aria-label=\"Read more about INFORMES FINALES DE LAS AUDITOR\u00cdAS GUBERNAMENTALES O PRIVADAS -2025-\">Read more<\/a><\/p>\n","protected":false},"author":2,"featured_media":0,"parent":0,"menu_order":0,"comment_status":"closed","ping_status":"closed","template":"","meta":{"footnotes":""},"class_list":["post-5519","page","type-page","status-publish"],"_links":{"self":[{"href":"https:\/\/fedefutguate.gt\/informacionpublica\/wp-json\/wp\/v2\/pages\/5519","targetHints":{"allow":["GET"]}}],"collection":[{"href":"https:\/\/fedefutguate.gt\/informacionpublica\/wp-json\/wp\/v2\/pages"}],"about":[{"href":"https:\/\/fedefutguate.gt\/informacionpublica\/wp-json\/wp\/v2\/types\/page"}],"author":[{"embeddable":true,"href":"https:\/\/fedefutguate.gt\/informacionpublica\/wp-json\/wp\/v2\/users\/2"}],"replies":[{"embeddable":true,"href":"https:\/\/fedefutguate.gt\/informacionpublica\/wp-json\/wp\/v2\/comments?post=5519"}],"version-history":[{"count":16,"href":"https:\/\/fedefutguate.gt\/informacionpublica\/wp-json\/wp\/v2\/pages\/5519\/revisions"}],"predecessor-version":[{"id":7003,"href":"https:\/\/fedefutguate.gt\/informacionpublica\/wp-json\/wp\/v2\/pages\/5519\/revisions\/7003"}],"wp:attachment":[{"href":"https:\/\/fedefutguate.gt\/informacionpublica\/wp-json\/wp\/v2\/media?parent=5519"}],"curies":[{"name":"wp","href":"https:\/\/api.w.org\/{rel}","templated":true}]}}