{"id":5522,"date":"2025-02-04T04:26:44","date_gmt":"2025-02-04T03:26:44","guid":{"rendered":"https:\/\/fedefutguate.gt\/informacionpublica\/?page_id=5522"},"modified":"2025-02-24T19:35:39","modified_gmt":"2025-02-24T18:35:39","slug":"entidades-publicas-o-privadas-de-caracter-internacional-2025","status":"publish","type":"page","link":"https:\/\/fedefutguate.gt\/informacionpublica\/entidades-publicas-o-privadas-de-caracter-internacional-2025\/","title":{"rendered":"ENTIDADES P\u00daBLICAS O PRIVADAS DE CAR\u00c1CTER INTERNACIONAL -2025-"},"content":{"rendered":"\n<p class=\"has-contrast-2-color has-text-color\">En caso de las entidades p\u00fablicas o privadas de car\u00e1cter internacional, que manejen o administren fondos p\u00fablicos deber\u00e1n hacer p\u00fablica la informaci\u00f3n obligatoria contenida en los numerales anteriores, relacionada \u00fanicamente a las compras y contrataciones que realicen con dichos fondos.<\/p>\n\n\n\n<p>Art\u00edculo 10, numeral 24 de la Ley de Acceso a la Informaci\u00f3n P\u00fablica<\/p>\n\n\n\n<p class=\"has-contrast-3-color has-text-color\">El presente numeral no aplica para la Federaci\u00f3n Nacional de F\u00fatbol de Guatemala en virtud de no ser una entidad internacional.<\/p>\n\n\n\n<figure class=\"wp-block-table is-style-stripes\"><table><tbody><tr><td class=\"has-text-align-center\" data-align=\"center\"><a href=\"https:\/\/fedefutguate.gt\/informacionpublica\/wp-content\/uploads\/2025\/02\/Justificacion-Tecnica-2025-24.pdf\"><img loading=\"lazy\" decoding=\"async\" width=\"50\" height=\"58\" class=\"wp-image-266\" style=\"width: 50px;\" src=\"https:\/\/fedefutguate.gt\/informacionpublica\/wp-content\/uploads\/2022\/02\/pngaaa.com-2621310.png\" alt=\"\"><\/a><\/td><td>J<a href=\"https:\/\/fedefutguate.gt\/informacionpublica\/wp-content\/uploads\/2025\/02\/Justificacion-Tecnica-2025-24.pdf\">ustificaci\u00f3n T\u00e9cnica A\u00f1o 2025 (Art\u00edculo 10 Numeral 24 de la Ley de Acceso a la Informaci\u00f3n P\u00fablica)<\/a><\/td><\/tr><\/tbody><\/table><\/figure>\n\n\n\n<p><\/p>\n","protected":false},"excerpt":{"rendered":"<p>En caso de las entidades p\u00fablicas o privadas de car\u00e1cter internacional, que manejen o administren fondos p\u00fablicos deber\u00e1n hacer p\u00fablica la informaci\u00f3n obligatoria contenida en los numerales anteriores, relacionada \u00fanicamente a las compras y contrataciones que realicen con dichos fondos. Art\u00edculo 10, numeral 24 de la Ley de Acceso a la Informaci\u00f3n P\u00fablica El presente &#8230; <a title=\"ENTIDADES P\u00daBLICAS O PRIVADAS DE CAR\u00c1CTER INTERNACIONAL -2025-\" class=\"read-more\" href=\"https:\/\/fedefutguate.gt\/informacionpublica\/entidades-publicas-o-privadas-de-caracter-internacional-2025\/\" aria-label=\"Read more about ENTIDADES P\u00daBLICAS O PRIVADAS DE CAR\u00c1CTER INTERNACIONAL -2025-\">Read more<\/a><\/p>\n","protected":false},"author":2,"featured_media":0,"parent":0,"menu_order":0,"comment_status":"closed","ping_status":"closed","template":"","meta":{"footnotes":""},"class_list":["post-5522","page","type-page","status-publish"],"_links":{"self":[{"href":"https:\/\/fedefutguate.gt\/informacionpublica\/wp-json\/wp\/v2\/pages\/5522","targetHints":{"allow":["GET"]}}],"collection":[{"href":"https:\/\/fedefutguate.gt\/informacionpublica\/wp-json\/wp\/v2\/pages"}],"about":[{"href":"https:\/\/fedefutguate.gt\/informacionpublica\/wp-json\/wp\/v2\/types\/page"}],"author":[{"embeddable":true,"href":"https:\/\/fedefutguate.gt\/informacionpublica\/wp-json\/wp\/v2\/users\/2"}],"replies":[{"embeddable":true,"href":"https:\/\/fedefutguate.gt\/informacionpublica\/wp-json\/wp\/v2\/comments?post=5522"}],"version-history":[{"count":3,"href":"https:\/\/fedefutguate.gt\/informacionpublica\/wp-json\/wp\/v2\/pages\/5522\/revisions"}],"predecessor-version":[{"id":5891,"href":"https:\/\/fedefutguate.gt\/informacionpublica\/wp-json\/wp\/v2\/pages\/5522\/revisions\/5891"}],"wp:attachment":[{"href":"https:\/\/fedefutguate.gt\/informacionpublica\/wp-json\/wp\/v2\/media?parent=5522"}],"curies":[{"name":"wp","href":"https:\/\/api.w.org\/{rel}","templated":true}]}}