{"id":5525,"date":"2025-02-04T04:28:28","date_gmt":"2025-02-04T03:28:28","guid":{"rendered":"https:\/\/fedefutguate.gt\/informacionpublica\/?page_id=5525"},"modified":"2025-02-24T19:36:57","modified_gmt":"2025-02-24T18:36:57","slug":"entidades-no-gubernamentales-o-privadas-2025","status":"publish","type":"page","link":"https:\/\/fedefutguate.gt\/informacionpublica\/entidades-no-gubernamentales-o-privadas-2025\/","title":{"rendered":"Entidades no Gubernamentales o Privadas -2025-"},"content":{"rendered":"\n<p class=\"has-contrast-2-color has-text-color\">En caso de las entidades no gubernamentales o de car\u00e1cter privado que manejen o administren fondos p\u00fablicos deben hacer p\u00fablica la informaci\u00f3n obligatoria contenida en los numerales anteriores, relacionada \u00fanicamente a las compras y contrataciones que realicen con dichos fondos.<\/p>\n\n\n\n<p>Art\u00edculo 10, numeral 25 de la Ley de Acceso a la Informaci\u00f3n P\u00fablica.<\/p>\n\n\n\n<p class=\"has-contrast-3-color has-text-color\">El presente numeral no aplica para la Federaci\u00f3n Nacional de F\u00fatbol de Guatemala en virtud de no ser una instituci\u00f3n no gubernamental o de car\u00e1cter privado.<\/p>\n\n\n\n<p><\/p>\n\n\n\n<figure class=\"wp-block-table is-style-stripes\"><table><tbody><tr><td class=\"has-text-align-center\" data-align=\"center\"><a href=\"https:\/\/fedefutguate.gt\/informacionpublica\/wp-content\/uploads\/2025\/02\/Justificacion-Tecnica-2025-25.pdf\"><img loading=\"lazy\" decoding=\"async\" width=\"50\" height=\"58\" class=\"wp-image-266\" style=\"width: 50px;\" src=\"https:\/\/fedefutguate.gt\/informacionpublica\/wp-content\/uploads\/2022\/02\/pngaaa.com-2621310.png\" alt=\"\"><\/a><\/td><td><strong><a href=\"https:\/\/fedefutguate.gt\/informacionpublica\/wp-content\/uploads\/2025\/02\/Justificacion-Tecnica-2025-25.pdf\">Justificaci\u00f3n T\u00e9cnica A\u00f1o 2025 (Art\u00edculo 10 Numeral 25 de la Ley de Acceso a la Informaci\u00f3n P\u00fablica)<\/a><\/strong><\/td><\/tr><\/tbody><\/table><\/figure>\n\n\n\n<p><\/p>\n","protected":false},"excerpt":{"rendered":"<p>En caso de las entidades no gubernamentales o de car\u00e1cter privado que manejen o administren fondos p\u00fablicos deben hacer p\u00fablica la informaci\u00f3n obligatoria contenida en los numerales anteriores, relacionada \u00fanicamente a las compras y contrataciones que realicen con dichos fondos. Art\u00edculo 10, numeral 25 de la Ley de Acceso a la Informaci\u00f3n P\u00fablica. El presente &#8230; <a title=\"Entidades no Gubernamentales o Privadas -2025-\" class=\"read-more\" href=\"https:\/\/fedefutguate.gt\/informacionpublica\/entidades-no-gubernamentales-o-privadas-2025\/\" aria-label=\"Read more about Entidades no Gubernamentales o Privadas -2025-\">Read more<\/a><\/p>\n","protected":false},"author":2,"featured_media":0,"parent":0,"menu_order":0,"comment_status":"closed","ping_status":"closed","template":"","meta":{"footnotes":""},"class_list":["post-5525","page","type-page","status-publish"],"_links":{"self":[{"href":"https:\/\/fedefutguate.gt\/informacionpublica\/wp-json\/wp\/v2\/pages\/5525","targetHints":{"allow":["GET"]}}],"collection":[{"href":"https:\/\/fedefutguate.gt\/informacionpublica\/wp-json\/wp\/v2\/pages"}],"about":[{"href":"https:\/\/fedefutguate.gt\/informacionpublica\/wp-json\/wp\/v2\/types\/page"}],"author":[{"embeddable":true,"href":"https:\/\/fedefutguate.gt\/informacionpublica\/wp-json\/wp\/v2\/users\/2"}],"replies":[{"embeddable":true,"href":"https:\/\/fedefutguate.gt\/informacionpublica\/wp-json\/wp\/v2\/comments?post=5525"}],"version-history":[{"count":3,"href":"https:\/\/fedefutguate.gt\/informacionpublica\/wp-json\/wp\/v2\/pages\/5525\/revisions"}],"predecessor-version":[{"id":5892,"href":"https:\/\/fedefutguate.gt\/informacionpublica\/wp-json\/wp\/v2\/pages\/5525\/revisions\/5892"}],"wp:attachment":[{"href":"https:\/\/fedefutguate.gt\/informacionpublica\/wp-json\/wp\/v2\/media?parent=5525"}],"curies":[{"name":"wp","href":"https:\/\/api.w.org\/{rel}","templated":true}]}}