{"id":5530,"date":"2025-02-04T04:31:43","date_gmt":"2025-02-04T03:31:43","guid":{"rendered":"https:\/\/fedefutguate.gt\/informacionpublica\/?page_id=5530"},"modified":"2025-02-24T19:37:45","modified_gmt":"2025-02-24T18:37:45","slug":"indice-de-la-informacion-debidamente-clasificada-2025","status":"publish","type":"page","link":"https:\/\/fedefutguate.gt\/informacionpublica\/indice-de-la-informacion-debidamente-clasificada-2025\/","title":{"rendered":"\u00cdNDICE DE LA INFORMACI\u00d3N DEBIDAMENTE CLASIFICADA -2025-"},"content":{"rendered":"\n<p class=\"has-contrast-2-color has-text-color\">El \u00edndice de la informaci\u00f3n debidamente clasificada de acuerdo a la Ley de Acceso a la Informaci\u00f3n P\u00fablica.<\/p>\n\n\n\n<p>Art\u00edculo 10, numeral 27 de la Ley de Acceso a la Informaci\u00f3n P\u00fablica.<\/p>\n\n\n\n<p class=\"has-contrast-3-color has-text-color\">La Federaci\u00f3n Nacional de F\u00fatbol de Guatemala  no ha emitido  resoluciones para declarar como reservada o confidencial ninguna informaci\u00f3n.  <\/p>\n\n\n\n<p class=\"has-contrast-3-color has-text-color\">Sin embargo, de conformidad con el art\u00edculo 21 de la Ley de Acceso a la Informaci\u00f3n P\u00fablica, el acceso a la informaci\u00f3n p\u00fablica ser\u00e1 limitado de acuerdo a lo establecido en la Constituci\u00f3n Pol\u00edtica de la Rep\u00fablica de Guatemala, la que por disposici\u00f3n expresa de una ley sea considerada confidencial, la informaci\u00f3n clasificada como reservada de conformidad con la presente ley y las que de acuerdo a tratados o convenios internacionales ratificados por el Estado de Guatemala tengan cl\u00e1usula de reserva.<\/p>\n\n\n\n<figure class=\"wp-block-table is-style-stripes\"><table><tbody><tr><td class=\"has-text-align-center\" data-align=\"center\"><a href=\"https:\/\/fedefutguate.gt\/informacionpublica\/wp-content\/uploads\/2025\/02\/Justificacion-Tecnica-2025-27.pdf\"><img loading=\"lazy\" decoding=\"async\" width=\"50\" height=\"58\" class=\"wp-image-266\" style=\"width: 50px;\" src=\"https:\/\/fedefutguate.gt\/informacionpublica\/wp-content\/uploads\/2022\/02\/pngaaa.com-2621310.png\" alt=\"\"><\/a><\/td><td><a href=\"https:\/\/fedefutguate.gt\/informacionpublica\/wp-content\/uploads\/2025\/02\/Justificacion-Tecnica-2025-27.pdf\">Justificaci\u00f3n T\u00e9cnica A\u00f1o 2025 (Art\u00edculo 10 Numeral 27 de la Ley de Acceso a la Informaci\u00f3n P\u00fablica)<\/a><\/td><\/tr><\/tbody><\/table><\/figure>\n\n\n\n<p><\/p>\n","protected":false},"excerpt":{"rendered":"<p>El \u00edndice de la informaci\u00f3n debidamente clasificada de acuerdo a la Ley de Acceso a la Informaci\u00f3n P\u00fablica. Art\u00edculo 10, numeral 27 de la Ley de Acceso a la Informaci\u00f3n P\u00fablica. La Federaci\u00f3n Nacional de F\u00fatbol de Guatemala no ha emitido resoluciones para declarar como reservada o confidencial ninguna informaci\u00f3n. Sin embargo, de conformidad con &#8230; <a title=\"\u00cdNDICE DE LA INFORMACI\u00d3N DEBIDAMENTE CLASIFICADA -2025-\" class=\"read-more\" href=\"https:\/\/fedefutguate.gt\/informacionpublica\/indice-de-la-informacion-debidamente-clasificada-2025\/\" aria-label=\"Read more about \u00cdNDICE DE LA INFORMACI\u00d3N DEBIDAMENTE CLASIFICADA -2025-\">Read more<\/a><\/p>\n","protected":false},"author":2,"featured_media":0,"parent":0,"menu_order":0,"comment_status":"closed","ping_status":"closed","template":"","meta":{"footnotes":""},"class_list":["post-5530","page","type-page","status-publish"],"_links":{"self":[{"href":"https:\/\/fedefutguate.gt\/informacionpublica\/wp-json\/wp\/v2\/pages\/5530","targetHints":{"allow":["GET"]}}],"collection":[{"href":"https:\/\/fedefutguate.gt\/informacionpublica\/wp-json\/wp\/v2\/pages"}],"about":[{"href":"https:\/\/fedefutguate.gt\/informacionpublica\/wp-json\/wp\/v2\/types\/page"}],"author":[{"embeddable":true,"href":"https:\/\/fedefutguate.gt\/informacionpublica\/wp-json\/wp\/v2\/users\/2"}],"replies":[{"embeddable":true,"href":"https:\/\/fedefutguate.gt\/informacionpublica\/wp-json\/wp\/v2\/comments?post=5530"}],"version-history":[{"count":3,"href":"https:\/\/fedefutguate.gt\/informacionpublica\/wp-json\/wp\/v2\/pages\/5530\/revisions"}],"predecessor-version":[{"id":5893,"href":"https:\/\/fedefutguate.gt\/informacionpublica\/wp-json\/wp\/v2\/pages\/5530\/revisions\/5893"}],"wp:attachment":[{"href":"https:\/\/fedefutguate.gt\/informacionpublica\/wp-json\/wp\/v2\/media?parent=5530"}],"curies":[{"name":"wp","href":"https:\/\/api.w.org\/{rel}","templated":true}]}}