{"id":5547,"date":"2025-02-04T16:05:13","date_gmt":"2025-02-04T15:05:13","guid":{"rendered":"https:\/\/fedefutguate.gt\/informacionpublica\/?page_id=5547"},"modified":"2025-02-25T19:19:15","modified_gmt":"2025-02-25T18:19:15","slug":"decreto-36-2024","status":"publish","type":"page","link":"https:\/\/fedefutguate.gt\/informacionpublica\/decreto-36-2024\/","title":{"rendered":"DECRETO 36-2024"},"content":{"rendered":"\n<p><\/p>\n\n\n\n<p><a href=\"https:\/\/fedefutguate.gt\/informacionpublica\/decreto-54-2022\/\">Consultar DECRETO 54-2022<\/a><\/p>\n\n\n\n<p class=\"has-contrast-2-color has-text-color\"><a href=\"https:\/\/fedefutguate.gt\/informacionpublica\/ley-del-presupuesto-16-2021\/\">Consultar DECRETO 16-2021<\/a><\/p>\n\n\n\n<p class=\"has-contrast-2-color has-text-color\"><a href=\"https:\/\/fedefutguate.gt\/informacionpublica\/ley-de-presupuesto\/\">Consultar DECRETO 25-2018<\/a><\/p>\n\n\n\n<p class=\"has-contrast-color has-text-color has-x-large-font-size\"><\/p>\n\n\n\n<figure class=\"wp-block-table border-style: none\"><table class=\"has-base-3-color has-text-color\"><tbody><tr><td class=\"has-text-align-center\" data-align=\"center\"><a href=\"https:\/\/fedefutguate.gt\/informacionpublica\/obligatoriedad-de-detallar-las-especificaciones-de-los-gastos-a-traves-de-comprobante-unico-de-registro-2025\/\"><img loading=\"lazy\" decoding=\"async\" width=\"128\" height=\"128\" class=\"wp-image-263\" style=\"width: 128px;\" src=\"https:\/\/fedefutguate.gt\/informacionpublica\/wp-content\/uploads\/2022\/02\/580b57fcd9996e24bc43c4c5.png\" alt=\"\"><\/a><\/td><td class=\"has-text-align-center\" data-align=\"center\"><a href=\"https:\/\/fedefutguate.gt\/informacionpublica\/informe-de-ejecucion-presupuestaria-al-congreso-de-la-republica-de-guatemala-2025\/\"><img loading=\"lazy\" decoding=\"async\" width=\"128\" height=\"128\" class=\"wp-image-263\" style=\"width: 128px;\" src=\"https:\/\/fedefutguate.gt\/informacionpublica\/wp-content\/uploads\/2022\/02\/580b57fcd9996e24bc43c4c5.png\" alt=\"\"><\/a><\/td><td class=\"has-text-align-center\" data-align=\"center\"><a href=\"https:\/\/fedefutguate.gt\/informacionpublica\/vinculacion-plan-presupuesto-2025\/\"><img loading=\"lazy\" decoding=\"async\" width=\"128\" height=\"128\" class=\"wp-image-263\" style=\"width: 128px;\" src=\"https:\/\/fedefutguate.gt\/informacionpublica\/wp-content\/uploads\/2022\/02\/580b57fcd9996e24bc43c4c5.png\" alt=\"\"><\/a><\/td><\/tr><tr><td class=\"has-text-align-center\" data-align=\"center\"><a href=\"https:\/\/fedefutguate.gt\/informacionpublica\/obligatoriedad-de-detallar-las-especificaciones-de-los-gastos-a-traves-de-comprobante-unico-de-registro-2025\/\">Art\u00edculo 7 Obligatoriedad de detallar las especificaciones de los gastos a trav\u00e9s de Comprobante \u00danico de Registro<\/a><\/td><td class=\"has-text-align-center\" data-align=\"center\"><a href=\"https:\/\/fedefutguate.gt\/informacionpublica\/informe-de-ejecucion-presupuestaria-al-congreso-de-la-republica-de-guatemala-2025\/\">Articulo 11 Informe de ejecuci\u00f3n presupuestaria al Congreso de la Rep\u00fablica de Guatemala<\/a><\/td><td class=\"has-text-align-center\" data-align=\"center\"><a href=\"https:\/\/fedefutguate.gt\/informacionpublica\/vinculacion-plan-presupuesto-2025\/\">Articulo 16 Vinculaci\u00f3n Plan Presupuesto:<\/a><\/td><\/tr><tr><td class=\"has-text-align-center\" data-align=\"center\"><a href=\"https:\/\/fedefutguate.gt\/informacionpublica\/medicion-de-avances-de-indicadores-2025\/\"><img loading=\"lazy\" decoding=\"async\" width=\"128\" height=\"128\" class=\"wp-image-263\" style=\"width: 128px;\" src=\"https:\/\/fedefutguate.gt\/informacionpublica\/wp-content\/uploads\/2022\/02\/580b57fcd9996e24bc43c4c5.png\" alt=\"\"><\/a><\/td><td class=\"has-text-align-center\" data-align=\"center\"><a href=\"https:\/\/fedefutguate.gt\/informacionpublica\/clasificadores-tematicos-2025\/\"><img loading=\"lazy\" decoding=\"async\" width=\"128\" height=\"128\" class=\"wp-image-263\" style=\"width: 128px;\" src=\"https:\/\/fedefutguate.gt\/informacionpublica\/wp-content\/uploads\/2022\/02\/580b57fcd9996e24bc43c4c5.png\" alt=\"\"><\/a><\/td><td class=\"has-text-align-center\" data-align=\"center\"><a href=\"https:\/\/fedefutguate.gt\/informacionpublica\/transparencia-y-eficiencia-del-gasto-publico-2025\/\"><img loading=\"lazy\" decoding=\"async\" width=\"128\" height=\"128\" class=\"wp-image-263\" style=\"width: 128px;\" src=\"https:\/\/fedefutguate.gt\/informacionpublica\/wp-content\/uploads\/2022\/02\/580b57fcd9996e24bc43c4c5.png\" alt=\"\"><\/a><\/td><\/tr><tr><td class=\"has-text-align-center\" data-align=\"center\"><a href=\"https:\/\/fedefutguate.gt\/informacionpublica\/medicion-de-avances-de-indicadores-2025\/\">Articulo 17 Medici\u00f3n de avances de Indicadores<\/a><\/td><td class=\"has-text-align-center\" data-align=\"center\"><a href=\"https:\/\/fedefutguate.gt\/informacionpublica\/clasificadores-tematicos-2025\/\">Articulo 19 Clasificadores Tem\u00e1ticos<\/a><\/td><td class=\"has-text-align-center\" data-align=\"center\"><a href=\"https:\/\/fedefutguate.gt\/informacionpublica\/transparencia-y-eficiencia-del-gasto-publico-2025\/\">Articulo 20 Transparencia y eficiencia del gasto p\u00fablico<\/a><\/td><\/tr><tr><td class=\"has-text-align-center\" data-align=\"center\"><a href=\"https:\/\/fedefutguate.gt\/informacionpublica\/seguimiento-en-la-estrategia-para-la-mejora-de-la-ejecucion-y-calidad-del-gasto-publico-2025\/\"><img loading=\"lazy\" decoding=\"async\" width=\"128\" height=\"128\" class=\"wp-image-263\" style=\"width: 128px;\" src=\"https:\/\/fedefutguate.gt\/informacionpublica\/wp-content\/uploads\/2022\/02\/580b57fcd9996e24bc43c4c5.png\" alt=\"\"><\/a><\/td><td class=\"has-text-align-center\" data-align=\"center\"><a href=\"https:\/\/fedefutguate.gt\/informacionpublica\/publicacion-de-informes-en-portales-web-2025\/\"><img loading=\"lazy\" decoding=\"async\" width=\"128\" height=\"128\" class=\"wp-image-263\" style=\"width: 128px;\" src=\"https:\/\/fedefutguate.gt\/informacionpublica\/wp-content\/uploads\/2022\/02\/580b57fcd9996e24bc43c4c5.png\" alt=\"\"><\/a><\/td><td class=\"has-text-align-center\" data-align=\"center\"><a href=\"https:\/\/fedefutguate.gt\/informacionpublica\/informacion-sobre-las-adquisiciones-realizadas-en-la-modalidad-de-compra-de-baja-cuantia-2025\/\"><img loading=\"lazy\" decoding=\"async\" width=\"128\" height=\"128\" class=\"wp-image-263\" style=\"width: 128px;\" src=\"https:\/\/fedefutguate.gt\/informacionpublica\/wp-content\/uploads\/2022\/02\/580b57fcd9996e24bc43c4c5.png\" alt=\"\"><\/a><\/td><\/tr><tr><td class=\"has-text-align-center\" data-align=\"center\"><a href=\"https:\/\/fedefutguate.gt\/informacionpublica\/seguimiento-en-la-estrategia-para-la-mejora-de-la-ejecucion-y-calidad-del-gasto-publico-2025\/\">Articulo 21 Seguimiento para la estrategia para la mejora de la ejecuci\u00f3n y calidad del gasto p\u00fablico<\/a><\/td><td class=\"has-text-align-center\" data-align=\"center\"><a href=\"https:\/\/fedefutguate.gt\/informacionpublica\/publicacion-de-informes-en-portales-web-2025\/\">Art\u00edculo 22 Publicaci\u00f3n de informes en portales web<\/a><\/td><td class=\"has-text-align-center\" data-align=\"center\"><a href=\"https:\/\/fedefutguate.gt\/informacionpublica\/informacion-sobre-las-adquisiciones-realizadas-en-la-modalidad-de-compra-de-baja-cuantia-2025\/\">Articulo 33 Informaci\u00f3n sobre las Adquisiciones realizadas en la modalidad de compra\u00a0de\u00a0baja\u00a0cuant\u00eda<\/a><\/td><\/tr><tr><td class=\"has-text-align-center\" data-align=\"center\"><\/td><td class=\"has-text-align-center\" data-align=\"center\"><a href=\"https:\/\/fedefutguate.gt\/informacionpublica\/otras-remuneraciones-de-personal-temporal-2025\/\"><img loading=\"lazy\" decoding=\"async\" width=\"128\" height=\"128\" class=\"wp-image-263\" style=\"width: 128px;\" src=\"https:\/\/fedefutguate.gt\/informacionpublica\/wp-content\/uploads\/2022\/02\/580b57fcd9996e24bc43c4c5.png\" alt=\"\"><\/a><\/td><td class=\"has-text-align-center\" data-align=\"center\"><\/td><\/tr><tr><td class=\"has-text-align-center\" data-align=\"center\"><\/td><td class=\"has-text-align-center\" data-align=\"center\"><a href=\"https:\/\/fedefutguate.gt\/informacionpublica\/otras-remuneraciones-de-personal-temporal-2025\/\">Articulo 35 Otras remuneraciones de personal temporal<\/a><\/td><td class=\"has-text-align-center\" data-align=\"center\"><\/td><\/tr><\/tbody><\/table><\/figure>\n\n\n\n<p><\/p>\n","protected":false},"excerpt":{"rendered":"<p>Consultar DECRETO 54-2022 Consultar DECRETO 16-2021 Consultar DECRETO 25-2018 Art\u00edculo 7 Obligatoriedad de detallar las especificaciones de los gastos a trav\u00e9s de Comprobante \u00danico de Registro Articulo 11 Informe de ejecuci\u00f3n presupuestaria al Congreso de la Rep\u00fablica de Guatemala Articulo 16 Vinculaci\u00f3n Plan Presupuesto: Articulo 17 Medici\u00f3n de avances de Indicadores Articulo 19 Clasificadores Tem\u00e1ticos &#8230; <a title=\"DECRETO 36-2024\" class=\"read-more\" href=\"https:\/\/fedefutguate.gt\/informacionpublica\/decreto-36-2024\/\" aria-label=\"Read more about DECRETO 36-2024\">Read more<\/a><\/p>\n","protected":false},"author":2,"featured_media":0,"parent":0,"menu_order":0,"comment_status":"closed","ping_status":"closed","template":"","meta":{"footnotes":""},"class_list":["post-5547","page","type-page","status-publish"],"_links":{"self":[{"href":"https:\/\/fedefutguate.gt\/informacionpublica\/wp-json\/wp\/v2\/pages\/5547","targetHints":{"allow":["GET"]}}],"collection":[{"href":"https:\/\/fedefutguate.gt\/informacionpublica\/wp-json\/wp\/v2\/pages"}],"about":[{"href":"https:\/\/fedefutguate.gt\/informacionpublica\/wp-json\/wp\/v2\/types\/page"}],"author":[{"embeddable":true,"href":"https:\/\/fedefutguate.gt\/informacionpublica\/wp-json\/wp\/v2\/users\/2"}],"replies":[{"embeddable":true,"href":"https:\/\/fedefutguate.gt\/informacionpublica\/wp-json\/wp\/v2\/comments?post=5547"}],"version-history":[{"count":13,"href":"https:\/\/fedefutguate.gt\/informacionpublica\/wp-json\/wp\/v2\/pages\/5547\/revisions"}],"predecessor-version":[{"id":5905,"href":"https:\/\/fedefutguate.gt\/informacionpublica\/wp-json\/wp\/v2\/pages\/5547\/revisions\/5905"}],"wp:attachment":[{"href":"https:\/\/fedefutguate.gt\/informacionpublica\/wp-json\/wp\/v2\/media?parent=5547"}],"curies":[{"name":"wp","href":"https:\/\/api.w.org\/{rel}","templated":true}]}}