{"id":5561,"date":"2025-02-04T16:39:36","date_gmt":"2025-02-04T15:39:36","guid":{"rendered":"https:\/\/fedefutguate.gt\/informacionpublica\/?page_id=5561"},"modified":"2026-03-24T15:55:05","modified_gmt":"2026-03-24T14:55:05","slug":"vinculacion-plan-presupuesto-2025","status":"publish","type":"page","link":"https:\/\/fedefutguate.gt\/informacionpublica\/vinculacion-plan-presupuesto-2025\/","title":{"rendered":"VINCULACI\u00d3N PLAN PRESUPUESTO 2025"},"content":{"rendered":"\n<p>Art\u00edculo 16<\/p>\n\n\n\n<p class=\"has-contrast-3-color has-text-color\">DECRETO 36-2024 \u201cLEY DEL PRESUPUESTO GENERAL DE INGRESOS Y EGRESOS DEL ESTADO PARA EL EJERCICIO FISCAL DOS MIL VEINTICINCO\u201d<\/p>\n\n\n\n<figure class=\"wp-block-table\"><table class=\"has-fixed-layout\"><tbody><tr><td><strong>2026<\/strong><\/td><\/tr><\/tbody><\/table><\/figure>\n\n\n\n<figure class=\"wp-block-table is-style-stripes\"><table><tbody><tr><td class=\"has-text-align-center\" data-align=\"center\"><img loading=\"lazy\" decoding=\"async\" width=\"50\" height=\"58\" class=\"wp-image-266\" style=\"width: 50px;\" src=\"https:\/\/fedefutguate.gt\/informacionpublica\/wp-content\/uploads\/2022\/02\/pngaaa.com-2621310.png\" alt=\"\"><\/td><td class=\"has-text-align-left\" data-align=\"left\"><a href=\"https:\/\/fedefutguate.gt\/informacionpublica\/wp-content\/uploads\/2026\/03\/Caja-de-Herramienta-PEI-POM-POA-2026_2030-FFG.pdf\">Planificaci\u00f3n Estrat\u00e9gica Institucional (PEI) Planificaci\u00f3n Operativa Multianual (POM 2026-2030) Planificaci\u00f3n Operativa Anual (POA 2026)<\/a><\/td><\/tr><tr><td class=\"has-text-align-center\" data-align=\"center\"><a href=\"https:\/\/fedefutguate.gt\/informacionpublica\/wp-content\/uploads\/2026\/01\/REPORTE-DE-EJECUCION-FISICA-Y-FINANCIERA-CUARTO-CUATRIMESTRE.pdf\"><img loading=\"lazy\" decoding=\"async\" width=\"50\" height=\"58\" class=\"wp-image-266\" style=\"width: 50px;\" src=\"https:\/\/fedefutguate.gt\/informacionpublica\/wp-content\/uploads\/2022\/02\/pngaaa.com-2621310.png\" alt=\"\"><\/a><\/td><td class=\"has-text-align-left\" data-align=\"left\"><a href=\"https:\/\/fedefutguate.gt\/informacionpublica\/wp-content\/uploads\/2026\/01\/REPORTE-DE-EJECUCION-FISICA-Y-FINANCIERA-CUARTO-CUATRIMESTRE.pdf\">TERCER Informe cuatrimestral (SEPTIEMBRE-DICIEMBRE) de avances de metas sobre ejecuci\u00f3n f\u00edsica y financiera del ejercicio fiscal 2025<\/a><\/td><\/tr><\/tbody><\/table><\/figure>\n\n\n\n<p class=\"has-contrast-3-color has-text-color\"><\/p>\n\n\n\n<figure class=\"wp-block-table\"><table class=\"has-fixed-layout\"><tbody><tr><td><strong>2025<\/strong><\/td><\/tr><\/tbody><\/table><\/figure>\n\n\n\n<figure class=\"wp-block-table is-style-stripes\"><table><tbody><tr><td class=\"has-text-align-center\" data-align=\"center\"><a href=\"https:\/\/fedefutguate.gt\/informacionpublica\/wp-content\/uploads\/2025\/02\/PLAN-ESTRATEGICO-INSTITUCIONAL-2025-2029-PLAN-OPERATIVO-MULTIANUAL-2025-2029-PLAN-OPERATIVO-ANUAL-2025.pdf\"><img loading=\"lazy\" decoding=\"async\" width=\"50\" height=\"58\" class=\"wp-image-266\" style=\"width: 50px;\" src=\"https:\/\/fedefutguate.gt\/informacionpublica\/wp-content\/uploads\/2022\/02\/pngaaa.com-2621310.png\" alt=\"\"><\/a><\/td><td class=\"has-text-align-left\" data-align=\"left\"><a href=\"https:\/\/fedefutguate.gt\/informacionpublica\/wp-content\/uploads\/2025\/02\/PLAN-ESTRATEGICO-INSTITUCIONAL-2025-2029-PLAN-OPERATIVO-MULTIANUAL-2025-2029-PLAN-OPERATIVO-ANUAL-2025.pdf\">Plan Estrat\u00e9gico Institucional (PEI 2025-2029) Plan Operativo Multianual (POM 2025-2029) Plan Operativo Anual (POA 2025)<\/a><\/td><\/tr><tr><td class=\"has-text-align-center\" data-align=\"center\"><a href=\"https:\/\/fedefutguate.gt\/informacionpublica\/wp-content\/uploads\/2025\/05\/REPORTE-DE-EJECUCION-FISICA-Y-FINANCIERA-PRIMER-CUATRIMESTRE.pdf\"><img loading=\"lazy\" decoding=\"async\" width=\"50\" height=\"58\" class=\"wp-image-266\" style=\"width: 50px;\" src=\"https:\/\/fedefutguate.gt\/informacionpublica\/wp-content\/uploads\/2022\/02\/pngaaa.com-2621310.png\" alt=\"\"><\/a><\/td><td class=\"has-text-align-left\" data-align=\"left\"><a href=\"https:\/\/fedefutguate.gt\/informacionpublica\/wp-content\/uploads\/2025\/05\/REPORTE-DE-EJECUCION-FISICA-Y-FINANCIERA-PRIMER-CUATRIMESTRE.pdf\"><br>PRIMER Informe cuatrimestral (enero-abril) de avances de metas sobre ejecuci\u00f3n f\u00edsica y financiera del ejercicio fiscal 2025<\/a><a href=\"https:\/\/fedefutguate.gt\/informacionpublica\/wp-content\/uploads\/2025\/05\/RESOLUCION-CEF-017-2025.pdf\"><\/a><\/td><\/tr><tr><td class=\"has-text-align-center\" data-align=\"center\"><a href=\"https:\/\/fedefutguate.gt\/informacionpublica\/wp-content\/uploads\/2025\/09\/REPORTE-DE-EJECUCION-FISICA-Y-FINANCIERA-SEGUNDO-CUATRIMESTRE.pdf\"><img loading=\"lazy\" decoding=\"async\" width=\"50\" height=\"58\" class=\"wp-image-266\" style=\"width: 50px;\" src=\"https:\/\/fedefutguate.gt\/informacionpublica\/wp-content\/uploads\/2022\/02\/pngaaa.com-2621310.png\" alt=\"\"><\/a><\/td><td class=\"has-text-align-left\" data-align=\"left\"><a href=\"https:\/\/fedefutguate.gt\/informacionpublica\/wp-content\/uploads\/2025\/09\/REPORTE-DE-EJECUCION-FISICA-Y-FINANCIERA-SEGUNDO-CUATRIMESTRE.pdf\">SEGUNDO Informe cuatrimestral (MAYO-AGOSTO) de avances de metas sobre ejecuci\u00f3n f\u00edsica y financiera del ejercicio fiscal 2025<\/a><\/td><\/tr><tr><td class=\"has-text-align-center\" data-align=\"center\"><a href=\"https:\/\/fedefutguate.gt\/informacionpublica\/wp-content\/uploads\/2026\/01\/REPORTE-DE-EJECUCION-FISICA-Y-FINANCIERA-CUARTO-CUATRIMESTRE.pdf\"><img loading=\"lazy\" decoding=\"async\" width=\"50\" height=\"58\" class=\"wp-image-266\" style=\"width: 50px;\" src=\"https:\/\/fedefutguate.gt\/informacionpublica\/wp-content\/uploads\/2022\/02\/pngaaa.com-2621310.png\" alt=\"\"><\/a><\/td><td class=\"has-text-align-left\" data-align=\"left\"><a href=\"https:\/\/fedefutguate.gt\/informacionpublica\/wp-content\/uploads\/2026\/01\/REPORTE-DE-EJECUCION-FISICA-Y-FINANCIERA-CUARTO-CUATRIMESTRE.pdf\">TERCER Informe cuatrimestral (SEPTIEMBRE-DICIEMBRE) de avances de metas sobre ejecuci\u00f3n f\u00edsica y financiera del ejercicio fiscal 2025<\/a><\/td><\/tr><\/tbody><\/table><\/figure>\n\n\n\n<p><\/p>\n","protected":false},"excerpt":{"rendered":"<p>Art\u00edculo 16 DECRETO 36-2024 \u201cLEY DEL PRESUPUESTO GENERAL DE INGRESOS Y EGRESOS DEL ESTADO PARA EL EJERCICIO FISCAL DOS MIL VEINTICINCO\u201d 2026 Planificaci\u00f3n Estrat\u00e9gica Institucional (PEI) Planificaci\u00f3n Operativa Multianual (POM 2026-2030) Planificaci\u00f3n Operativa Anual (POA 2026) TERCER Informe cuatrimestral (SEPTIEMBRE-DICIEMBRE) de avances de metas sobre ejecuci\u00f3n f\u00edsica y financiera del ejercicio fiscal 2025 2025 Plan &#8230; <a title=\"VINCULACI\u00d3N PLAN PRESUPUESTO 2025\" class=\"read-more\" href=\"https:\/\/fedefutguate.gt\/informacionpublica\/vinculacion-plan-presupuesto-2025\/\" aria-label=\"Read more about VINCULACI\u00d3N PLAN PRESUPUESTO 2025\">Read more<\/a><\/p>\n","protected":false},"author":2,"featured_media":0,"parent":0,"menu_order":0,"comment_status":"closed","ping_status":"closed","template":"","meta":{"footnotes":""},"class_list":["post-5561","page","type-page","status-publish"],"_links":{"self":[{"href":"https:\/\/fedefutguate.gt\/informacionpublica\/wp-json\/wp\/v2\/pages\/5561","targetHints":{"allow":["GET"]}}],"collection":[{"href":"https:\/\/fedefutguate.gt\/informacionpublica\/wp-json\/wp\/v2\/pages"}],"about":[{"href":"https:\/\/fedefutguate.gt\/informacionpublica\/wp-json\/wp\/v2\/types\/page"}],"author":[{"embeddable":true,"href":"https:\/\/fedefutguate.gt\/informacionpublica\/wp-json\/wp\/v2\/users\/2"}],"replies":[{"embeddable":true,"href":"https:\/\/fedefutguate.gt\/informacionpublica\/wp-json\/wp\/v2\/comments?post=5561"}],"version-history":[{"count":8,"href":"https:\/\/fedefutguate.gt\/informacionpublica\/wp-json\/wp\/v2\/pages\/5561\/revisions"}],"predecessor-version":[{"id":7545,"href":"https:\/\/fedefutguate.gt\/informacionpublica\/wp-json\/wp\/v2\/pages\/5561\/revisions\/7545"}],"wp:attachment":[{"href":"https:\/\/fedefutguate.gt\/informacionpublica\/wp-json\/wp\/v2\/media?parent=5561"}],"curies":[{"name":"wp","href":"https:\/\/api.w.org\/{rel}","templated":true}]}}