{"id":5572,"date":"2025-02-04T19:31:44","date_gmt":"2025-02-04T18:31:44","guid":{"rendered":"https:\/\/fedefutguate.gt\/informacionpublica\/?page_id=5572"},"modified":"2026-03-20T17:02:50","modified_gmt":"2026-03-20T16:02:50","slug":"transparencia-y-eficiencia-del-gasto-publico-2025","status":"publish","type":"page","link":"https:\/\/fedefutguate.gt\/informacionpublica\/transparencia-y-eficiencia-del-gasto-publico-2025\/","title":{"rendered":"TRANSPARENCIA Y EFICIENCIA DEL GASTO P\u00daBLICO 2025"},"content":{"rendered":"\n<p>Art\u00edculo 20<\/p>\n\n\n\n<p class=\"has-contrast-3-color has-text-color has-link-color wp-elements-7290d59edc96534bcc3706c4cabc1362\">DECRETO 36-2024 \u201cLEY DEL PRESUPUESTO GENERAL DE INGRESOS Y EGRESOS DEL ESTADO PARA EL EJERCICIO FISCAL DOS MIL VEINTICINCO\u201d<\/p>\n\n\n\n<figure class=\"wp-block-table is-style-stripes\"><table><tbody><tr><td class=\"has-text-align-center\" data-align=\"center\"><a href=\"https:\/\/fedefutguate.gt\/informacionpublica\/wp-content\/uploads\/2025\/06\/Informe-de-Ejecucion-Presupuestaria-de-Ingresos-y-egresos-del-01-de-enero-al-30-de-abril-2025.pdf\"><img loading=\"lazy\" decoding=\"async\" width=\"50\" height=\"58\" class=\"wp-image-266\" style=\"width: 50px;\" src=\"https:\/\/fedefutguate.gt\/informacionpublica\/wp-content\/uploads\/2022\/02\/pngaaa.com-2621310.png\" alt=\"\"><\/a><\/td><td><a href=\"https:\/\/fedefutguate.gt\/informacionpublica\/wp-content\/uploads\/2025\/06\/Informe-de-Ejecucion-Presupuestaria-de-Ingresos-y-egresos-del-01-de-enero-al-30-de-abril-2025.pdf\"><strong>Transparencia y eficiencia del gasto p\u00fablico Abril<\/strong> <strong>2025<\/strong><\/a><\/td><\/tr><tr><td class=\"has-text-align-center\" data-align=\"center\"><a href=\"https:\/\/fedefutguate.gt\/informacionpublica\/wp-content\/uploads\/2025\/06\/Informe-de-Ejecucion-Presupuestaria-del-01-de-enero-al-30-de-abril-2025.docx\"><img loading=\"lazy\" decoding=\"async\" width=\"50\" height=\"44\" class=\"wp-image-1824\" style=\"width: 50px;\" src=\"https:\/\/fedefutguate.gt\/informacionpublica\/wp-content\/uploads\/2022\/11\/word.jpg\" alt=\"\"><\/a><\/td><td><a href=\"https:\/\/fedefutguate.gt\/informacionpublica\/wp-content\/uploads\/2025\/06\/Informe-de-Ejecucion-Presupuestaria-del-01-de-enero-al-30-de-abril-2025.docx\"><strong>Transparencia y eficiencia del gasto p\u00fablico Abril<\/strong> <strong>2025<\/strong><\/a><\/td><\/tr><tr><td class=\"has-text-align-center\" data-align=\"center\"><a href=\"https:\/\/fedefutguate.gt\/informacionpublica\/wp-content\/uploads\/2025\/10\/Informe-de-Ejecucion-Presupuestaria-de-Ingresos-y-Egresos-del-01-de-enero-al-31-de-agosto-2025.pdf\"><img loading=\"lazy\" decoding=\"async\" width=\"50\" height=\"58\" class=\"wp-image-266\" style=\"width: 50px;\" src=\"https:\/\/fedefutguate.gt\/informacionpublica\/wp-content\/uploads\/2022\/02\/pngaaa.com-2621310.png\" alt=\"\"><\/a><\/td><td><a href=\"https:\/\/fedefutguate.gt\/informacionpublica\/wp-content\/uploads\/2025\/10\/Informe-de-Ejecucion-Presupuestaria-de-Ingresos-y-Egresos-del-01-de-enero-al-31-de-agosto-2025.pdf\"><strong>Transparencia y eficiencia del gasto p\u00fablico Agosto<\/strong> <strong>2025<\/strong><\/a><\/td><\/tr><tr><td class=\"has-text-align-center\" data-align=\"center\"><a href=\"https:\/\/fedefutguate.gt\/informacionpublica\/wp-content\/uploads\/2025\/10\/Informe-de-Ejecucion-Presupuestaria-de-Ingresos-y-Egresos-del-01-de-enero-al-31-de-agosto-2025-word.docx\"><img loading=\"lazy\" decoding=\"async\" width=\"50\" height=\"44\" class=\"wp-image-1824\" style=\"width: 50px;\" src=\"https:\/\/fedefutguate.gt\/informacionpublica\/wp-content\/uploads\/2022\/11\/word.jpg\" alt=\"\"><\/a><\/td><td><a href=\"https:\/\/fedefutguate.gt\/informacionpublica\/wp-content\/uploads\/2025\/10\/Informe-de-Ejecucion-Presupuestaria-de-Ingresos-y-Egresos-del-01-de-enero-al-31-de-agosto-2025-word.docx\"><strong>Transparencia y eficiencia del gasto p\u00fablico Agosto<\/strong> <strong>2025<\/strong><\/a><\/td><\/tr><tr><td class=\"has-text-align-center\" data-align=\"center\"><a href=\"https:\/\/fedefutguate.gt\/informacionpublica\/wp-content\/uploads\/2026\/02\/INFORME-DE-EJECUCION-PRESUPUESTARIA-31-DE-DICIEMBRE-2025.pdf\"><img loading=\"lazy\" decoding=\"async\" width=\"50\" height=\"58\" class=\"wp-image-266\" style=\"width: 50px;\" src=\"https:\/\/fedefutguate.gt\/informacionpublica\/wp-content\/uploads\/2022\/02\/pngaaa.com-2621310.png\" alt=\"\"><\/a><\/td><td><a href=\"https:\/\/fedefutguate.gt\/informacionpublica\/wp-content\/uploads\/2026\/02\/INFORME-DE-EJECUCION-PRESUPUESTARIA-31-DE-DICIEMBRE-2025.pdf\"><strong>Transparencia y eficiencia del gasto p\u00fablico Diciembre 2025<\/strong><\/a><\/td><\/tr><tr><td class=\"has-text-align-center\" data-align=\"center\"><img loading=\"lazy\" decoding=\"async\" width=\"50\" height=\"44\" class=\"wp-image-1824\" style=\"width: 50px;\" src=\"https:\/\/fedefutguate.gt\/informacionpublica\/wp-content\/uploads\/2022\/11\/word.jpg\" alt=\"\"><\/td><td><a href=\"https:\/\/fedefutguate.gt\/informacionpublica\/wp-content\/uploads\/2026\/02\/Informe-de-Ejecucion-Presupuestaria-del-01-de-enero-al-31-de-diciembre-2025.docx\"><strong>Transparencia y eficiencia del Gasto P\u00fablico Diciembre 2025<\/strong><\/a><\/td><\/tr><\/tbody><\/table><\/figure>\n","protected":false},"excerpt":{"rendered":"<p>Art\u00edculo 20 DECRETO 36-2024 \u201cLEY DEL PRESUPUESTO GENERAL DE INGRESOS Y EGRESOS DEL ESTADO PARA EL EJERCICIO FISCAL DOS MIL VEINTICINCO\u201d Transparencia y eficiencia del gasto p\u00fablico Abril 2025 Transparencia y eficiencia del gasto p\u00fablico Abril 2025 Transparencia y eficiencia del gasto p\u00fablico Agosto 2025 Transparencia y eficiencia del gasto p\u00fablico Agosto 2025 Transparencia y &#8230; <a title=\"TRANSPARENCIA Y EFICIENCIA DEL GASTO P\u00daBLICO 2025\" class=\"read-more\" href=\"https:\/\/fedefutguate.gt\/informacionpublica\/transparencia-y-eficiencia-del-gasto-publico-2025\/\" aria-label=\"Read more about TRANSPARENCIA Y EFICIENCIA DEL GASTO P\u00daBLICO 2025\">Read more<\/a><\/p>\n","protected":false},"author":2,"featured_media":0,"parent":0,"menu_order":0,"comment_status":"closed","ping_status":"closed","template":"","meta":{"footnotes":""},"class_list":["post-5572","page","type-page","status-publish"],"_links":{"self":[{"href":"https:\/\/fedefutguate.gt\/informacionpublica\/wp-json\/wp\/v2\/pages\/5572","targetHints":{"allow":["GET"]}}],"collection":[{"href":"https:\/\/fedefutguate.gt\/informacionpublica\/wp-json\/wp\/v2\/pages"}],"about":[{"href":"https:\/\/fedefutguate.gt\/informacionpublica\/wp-json\/wp\/v2\/types\/page"}],"author":[{"embeddable":true,"href":"https:\/\/fedefutguate.gt\/informacionpublica\/wp-json\/wp\/v2\/users\/2"}],"replies":[{"embeddable":true,"href":"https:\/\/fedefutguate.gt\/informacionpublica\/wp-json\/wp\/v2\/comments?post=5572"}],"version-history":[{"count":7,"href":"https:\/\/fedefutguate.gt\/informacionpublica\/wp-json\/wp\/v2\/pages\/5572\/revisions"}],"predecessor-version":[{"id":7533,"href":"https:\/\/fedefutguate.gt\/informacionpublica\/wp-json\/wp\/v2\/pages\/5572\/revisions\/7533"}],"wp:attachment":[{"href":"https:\/\/fedefutguate.gt\/informacionpublica\/wp-json\/wp\/v2\/media?parent=5572"}],"curies":[{"name":"wp","href":"https:\/\/api.w.org\/{rel}","templated":true}]}}