{"id":5575,"date":"2025-02-04T19:33:28","date_gmt":"2025-02-04T18:33:28","guid":{"rendered":"https:\/\/fedefutguate.gt\/informacionpublica\/?page_id=5575"},"modified":"2026-03-24T15:56:13","modified_gmt":"2026-03-24T14:56:13","slug":"seguimiento-en-la-estrategia-para-la-mejora-de-la-ejecucion-y-calidad-del-gasto-publico-2025","status":"publish","type":"page","link":"https:\/\/fedefutguate.gt\/informacionpublica\/seguimiento-en-la-estrategia-para-la-mejora-de-la-ejecucion-y-calidad-del-gasto-publico-2025\/","title":{"rendered":"SEGUIMIENTO EN LA ESTRATEGIA PARA LA MEJORA DE LA EJECUCI\u00d3N Y CALIDAD DEL GASTO P\u00daBLICO 2025"},"content":{"rendered":"\n<p>Art\u00edculo 21<\/p>\n\n\n\n<p class=\"has-contrast-3-color has-text-color\">DECRETO 36-2024 \u201cLEY DEL PRESUPUESTO GENERAL DE INGRESOS Y EGRESOS DEL ESTADO PARA EL EJERCICIO FISCAL DOS MIL VEINTICINCO\u201d<\/p>\n\n\n\n<figure class=\"wp-block-table is-style-stripes\"><table class=\"has-fixed-layout\"><tbody><tr><td><strong>2026<\/strong><\/td><\/tr><\/tbody><\/table><\/figure>\n\n\n\n<figure class=\"wp-block-table is-style-stripes\"><table><tbody><tr><td class=\"has-text-align-center\" data-align=\"center\"><a href=\"https:\/\/fedefutguate.gt\/informacionpublica\/wp-content\/uploads\/2026\/03\/Seguimiento-en-la-Estrategia-para-la-mejora-de-la-ejecucion-y-calidad-de-gasto-publico-2026-.pdf\"><img loading=\"lazy\" decoding=\"async\" width=\"50\" height=\"58\" class=\"wp-image-266\" style=\"width: 50px;\" src=\"https:\/\/fedefutguate.gt\/informacionpublica\/wp-content\/uploads\/2022\/02\/pngaaa.com-2621310.png\" alt=\"\"><\/a><\/td><td><a href=\"https:\/\/fedefutguate.gt\/informacionpublica\/wp-content\/uploads\/2026\/03\/Seguimiento-en-la-Estrategia-para-la-mejora-de-la-ejecucion-y-calidad-de-gasto-publico-2026-.pdf\">Articulo 21. Seguimiento en la Estrategia para la Mejora de la Ejecuci\u00f3n y Calidad del Gasto P\u00fablico 2026<\/a><\/td><\/tr><\/tbody><\/table><\/figure>\n\n\n\n<figure class=\"wp-block-table is-style-stripes\"><table class=\"has-fixed-layout\"><tbody><tr><td><strong>2025<\/strong><\/td><\/tr><\/tbody><\/table><\/figure>\n\n\n\n<figure class=\"wp-block-table is-style-stripes\"><table><tbody><tr><td class=\"has-text-align-center\" data-align=\"center\"><a href=\"https:\/\/fedefutguate.gt\/informacionpublica\/wp-content\/uploads\/2025\/02\/Seguimiento-en-la-Estrategia-para-la-mejora-de-la-ejecucion-y-calidad-de-gasto-publico-2025.pdf\"><img loading=\"lazy\" decoding=\"async\" width=\"50\" height=\"58\" class=\"wp-image-266\" style=\"width: 50px;\" src=\"https:\/\/fedefutguate.gt\/informacionpublica\/wp-content\/uploads\/2022\/02\/pngaaa.com-2621310.png\" alt=\"\"><\/a><\/td><td><a href=\"https:\/\/fedefutguate.gt\/informacionpublica\/wp-content\/uploads\/2025\/02\/Seguimiento-en-la-Estrategia-para-la-mejora-de-la-ejecucion-y-calidad-de-gasto-publico-2025.pdf\">Articulo 21. Seguimiento en la Estrategia para la Mejora de la Ejecuci\u00f3n y Calidad del Gasto P\u00fablico 2025<\/a><\/td><\/tr><\/tbody><\/table><\/figure>\n","protected":false},"excerpt":{"rendered":"<p>Art\u00edculo 21 DECRETO 36-2024 \u201cLEY DEL PRESUPUESTO GENERAL DE INGRESOS Y EGRESOS DEL ESTADO PARA EL EJERCICIO FISCAL DOS MIL VEINTICINCO\u201d 2026 Articulo 21. Seguimiento en la Estrategia para la Mejora de la Ejecuci\u00f3n y Calidad del Gasto P\u00fablico 2026 2025 Articulo 21. Seguimiento en la Estrategia para la Mejora de la Ejecuci\u00f3n y Calidad &#8230; <a title=\"SEGUIMIENTO EN LA ESTRATEGIA PARA LA MEJORA DE LA EJECUCI\u00d3N Y CALIDAD DEL GASTO P\u00daBLICO 2025\" class=\"read-more\" href=\"https:\/\/fedefutguate.gt\/informacionpublica\/seguimiento-en-la-estrategia-para-la-mejora-de-la-ejecucion-y-calidad-del-gasto-publico-2025\/\" aria-label=\"Read more about SEGUIMIENTO EN LA ESTRATEGIA PARA LA MEJORA DE LA EJECUCI\u00d3N Y CALIDAD DEL GASTO P\u00daBLICO 2025\">Read more<\/a><\/p>\n","protected":false},"author":2,"featured_media":0,"parent":0,"menu_order":0,"comment_status":"closed","ping_status":"closed","template":"","meta":{"footnotes":""},"class_list":["post-5575","page","type-page","status-publish"],"_links":{"self":[{"href":"https:\/\/fedefutguate.gt\/informacionpublica\/wp-json\/wp\/v2\/pages\/5575","targetHints":{"allow":["GET"]}}],"collection":[{"href":"https:\/\/fedefutguate.gt\/informacionpublica\/wp-json\/wp\/v2\/pages"}],"about":[{"href":"https:\/\/fedefutguate.gt\/informacionpublica\/wp-json\/wp\/v2\/types\/page"}],"author":[{"embeddable":true,"href":"https:\/\/fedefutguate.gt\/informacionpublica\/wp-json\/wp\/v2\/users\/2"}],"replies":[{"embeddable":true,"href":"https:\/\/fedefutguate.gt\/informacionpublica\/wp-json\/wp\/v2\/comments?post=5575"}],"version-history":[{"count":5,"href":"https:\/\/fedefutguate.gt\/informacionpublica\/wp-json\/wp\/v2\/pages\/5575\/revisions"}],"predecessor-version":[{"id":7546,"href":"https:\/\/fedefutguate.gt\/informacionpublica\/wp-json\/wp\/v2\/pages\/5575\/revisions\/7546"}],"wp:attachment":[{"href":"https:\/\/fedefutguate.gt\/informacionpublica\/wp-json\/wp\/v2\/media?parent=5575"}],"curies":[{"name":"wp","href":"https:\/\/api.w.org\/{rel}","templated":true}]}}