{"id":7031,"date":"2026-01-29T19:43:23","date_gmt":"2026-01-29T18:43:23","guid":{"rendered":"https:\/\/fedefutguate.gt\/informacionpublica\/?page_id=7031"},"modified":"2026-03-16T16:19:15","modified_gmt":"2026-03-16T15:19:15","slug":"estructura-organica-funciones-y-marco-normativo-2026","status":"publish","type":"page","link":"https:\/\/fedefutguate.gt\/informacionpublica\/estructura-organica-funciones-y-marco-normativo-2026\/","title":{"rendered":"Estructura Org\u00e1nica, Funciones y Marco Normativo -2026-"},"content":{"rendered":"\n<p class=\"has-contrast-2-color has-text-color\">Estructura org\u00e1nica y funciones de cada una de las dependencias y departamentos, incluyendo su marco normativo.<\/p>\n\n\n\n<p>Art\u00edculo 10, numeral 1 de la Ley de Acceso a la Informaci\u00f3n P\u00fablica<\/p>\n\n\n\n<div class=\"wp-block-columns are-vertically-aligned-bottom is-layout-flex wp-container-core-columns-is-layout-9d6595d7 wp-block-columns-is-layout-flex\">\n<div class=\"wp-block-column is-vertically-aligned-bottom is-layout-flow wp-block-column-is-layout-flow\" style=\"flex-basis:100%\">\n<figure class=\"wp-block-table alignleft is-style-stripes\"><table class=\"has-fixed-layout\"><tbody><tr><td class=\"has-text-align-center\" data-align=\"center\"><a href=\"https:\/\/fedefutguate.gt\/informacionpublica\/wp-content\/uploads\/2026\/02\/ORGANIGRAMA-VIGENTE-2026.pdf\"><img loading=\"lazy\" decoding=\"async\" width=\"50\" height=\"58\" class=\"wp-image-266\" style=\"width: 50px;\" src=\"https:\/\/fedefutguate.gt\/informacionpublica\/wp-content\/uploads\/2022\/02\/pngaaa.com-2621310.png\" alt=\"\"><\/a><\/td><td><a href=\"https:\/\/fedefutguate.gt\/informacionpublica\/wp-content\/uploads\/2026\/02\/ORGANIGRAMA-VIGENTE-2026.pdf\">ORGANIGRAMA FEDERACI\u00d3N NACIONAL DE F\u00daTBOL DE GUATEMALA (Vigente para el a\u00f1o 2026)<\/a><\/td><\/tr><tr><td class=\"has-text-align-center\" data-align=\"center\"><a href=\"https:\/\/fedefutguate.gt\/informacionpublica\/wp-content\/uploads\/2024\/02\/MIEMBROS-COMITE-EJECUTIVO-ACTUALIZADO.jpg\"><img loading=\"lazy\" decoding=\"async\" width=\"50\" height=\"58\" class=\"wp-image-266\" style=\"width: 50px;\" src=\"https:\/\/fedefutguate.gt\/informacionpublica\/wp-content\/uploads\/2022\/02\/pngaaa.com-2621310.png\" alt=\"\"><\/a><\/td><td><a href=\"https:\/\/fedefutguate.gt\/informacionpublica\/wp-content\/uploads\/2024\/02\/MIEMBROS-COMITE-EJECUTIVO-ACTUALIZADO.jpg\"><br>INTEGRACI\u00d3N COMIT\u00c9 EJECUTIVO DE LA FEDERACI\u00d3N NACIONAL DE F\u00daTBOL DE GUATEMALA (JUNIO 2023-JUNIO 2027)<\/a><\/td><\/tr><tr><td class=\"has-text-align-center\" data-align=\"center\"><a href=\"https:\/\/fedefutguate.gt\/informacionpublica\/wp-content\/uploads\/2026\/03\/3.-Ley-Nacional-de-Cultura-Fisica-y-del-Deporte-Decreto-76-97-1.pdf\"><img loading=\"lazy\" decoding=\"async\" width=\"50\" height=\"58\" class=\"wp-image-266\" style=\"width: 50px;\" src=\"https:\/\/fedefutguate.gt\/informacionpublica\/wp-content\/uploads\/2022\/02\/pngaaa.com-2621310.png\" alt=\"\"><\/a><\/td><td><a href=\"https:\/\/fedefutguate.gt\/informacionpublica\/wp-content\/uploads\/2026\/03\/3.-Ley-Nacional-de-Cultura-Fisica-y-del-Deporte-Decreto-76-97-1.pdf\">DECRETO 76-97 \u201cLEY NACIONAL PARA EL DESARROLLO DE LA CULTURA F\u00cdSICA Y DEL DEPORTE\u201d (Vigente para el a\u00f1o 2026)<\/a><\/td><\/tr><tr><td class=\"has-text-align-center\" data-align=\"center\"><a href=\"https:\/\/fedefutguate.gt\/informacionpublica\/wp-content\/uploads\/2026\/03\/4.-D10-2017-REFORMAS-A-LA-LEY-DEL-DEPORTE-1.pdf\"><img loading=\"lazy\" decoding=\"async\" width=\"50\" height=\"58\" class=\"wp-image-266\" style=\"width: 50px;\" src=\"https:\/\/fedefutguate.gt\/informacionpublica\/wp-content\/uploads\/2022\/02\/pngaaa.com-2621310.png\" alt=\"\"><\/a><\/td><td><a href=\"https:\/\/fedefutguate.gt\/informacionpublica\/wp-content\/uploads\/2026\/03\/4.-D10-2017-REFORMAS-A-LA-LEY-DEL-DEPORTE-1.pdf\">DECRETO 10-2017 \u201cREFORMA A LA LEY NACIONAL PARA EL DESARROLLO DE LA CULTURA F\u00cdSICA Y EL DEPORTE\u201d (Vigente para el a\u00f1o 2026)<\/a><\/td><\/tr><tr><td class=\"has-text-align-center\" data-align=\"center\"><a href=\"https:\/\/fedefutguate.gt\/informacionpublica\/wp-content\/uploads\/2026\/02\/ESTATUTOS-FEDEFUT-ACUERDO-165-2025-CE-CDAG-1-8-2025-2-2.pdf\"><img loading=\"lazy\" decoding=\"async\" width=\"50\" height=\"58\" class=\"wp-image-266\" style=\"width: 50px;\" src=\"https:\/\/fedefutguate.gt\/informacionpublica\/wp-content\/uploads\/2022\/02\/pngaaa.com-2621310.png\" alt=\"\"><\/a><\/td><td><a href=\"https:\/\/fedefutguate.gt\/informacionpublica\/wp-content\/uploads\/2026\/02\/ESTATUTOS-FEDEFUT-ACUERDO-165-2025-CE-CDAG-1-8-2025-2-2.pdf\">ACUERDO N\u00daMERO 165\/2025-CE-CDAG ESTATUTOS DE LA FEDERACI\u00d3N NACIONAL DE F\u00daTBOL DE GUATEMALA<\/a> <a href=\"https:\/\/fedefutguate.gt\/informacionpublica\/wp-content\/uploads\/2026\/02\/ESTATUTOS-FEDEFUT-ACUERDO-165-2025-CE-CDAG-1-8-2025-2-2.pdf\">(Vigente para el a\u00f1o 2026)<\/a><\/td><\/tr><tr><td class=\"has-text-align-center\" data-align=\"center\"><a href=\"https:\/\/fedefutguate.gt\/informacionpublica\/wp-content\/uploads\/2025\/03\/MANUAL-DE-PUESTOS-Y-FUNCIONES-vigente-a-partir-del-27-de-marzo.pdf\"><img loading=\"lazy\" decoding=\"async\" width=\"50\" height=\"58\" class=\"wp-image-266\" style=\"width: 50px;\" src=\"https:\/\/fedefutguate.gt\/informacionpublica\/wp-content\/uploads\/2022\/02\/pngaaa.com-2621310.png\" alt=\"\"><\/a><\/td><td><a href=\"https:\/\/fedefutguate.gt\/informacionpublica\/wp-content\/uploads\/2025\/03\/MANUAL-DE-PUESTOS-Y-FUNCIONES-vigente-a-partir-del-27-de-marzo.pdf\">MANUAL DE PUESTOS Y FUNCIONES DE LA FEDERACI\u00d3N NACIONAL DE F\u00daTBOL DE GUATEMALA (Vigente desde el 27 de marzo de 2026)<\/a><\/td><\/tr><tr><td class=\"has-text-align-center\" data-align=\"center\"><a href=\"https:\/\/fedefutguate.gt\/informacionpublica\/wp-content\/uploads\/2026\/01\/MANUAL-DE-CLASE-DE-PUESTOS-Y-ESCALA-DE-SALARIOS-VIGENTE-2026.pdf\"><img loading=\"lazy\" decoding=\"async\" width=\"50\" height=\"58\" class=\"wp-image-266\" style=\"width: 50px;\" src=\"https:\/\/fedefutguate.gt\/informacionpublica\/wp-content\/uploads\/2022\/02\/pngaaa.com-2621310.png\" alt=\"\"><\/a><\/td><td><a href=\"https:\/\/fedefutguate.gt\/informacionpublica\/wp-content\/uploads\/2026\/01\/MANUAL-DE-CLASE-DE-PUESTOS-Y-ESCALA-DE-SALARIOS-VIGENTE-2026.pdf\">MANUAL DE CLASE DE PUESTOS Y ESCALA DE SALARIOS (Vigente para el a\u00f1o 2026)<\/a><\/td><\/tr><tr><td class=\"has-text-align-center\" data-align=\"center\"><a href=\"https:\/\/fedefutguate.gt\/informacionpublica\/wp-content\/uploads\/2026\/02\/REGLAMENTO-ORGANICO-INTERNO-VIGENTE2026.pdf\"><img loading=\"lazy\" decoding=\"async\" width=\"50\" height=\"58\" class=\"wp-image-266\" style=\"width: 50px;\" src=\"https:\/\/fedefutguate.gt\/informacionpublica\/wp-content\/uploads\/2022\/02\/pngaaa.com-2621310.png\" alt=\"\"><\/a><\/td><td><a href=\"https:\/\/fedefutguate.gt\/informacionpublica\/wp-content\/uploads\/2026\/02\/REGLAMENTO-ORGANICO-INTERNO-VIGENTE2026.pdf\">REGLAMENTO ORG\u00c1NICO INTERNO -ROI- (Vigente para el a\u00f1o 2026)<\/a><\/td><\/tr><tr><td class=\"has-text-align-center\" data-align=\"center\"><a href=\"https:\/\/fedefutguate.gt\/informacionpublica\/wp-content\/uploads\/2026\/02\/CODIGO-ETICO-2026.pdf\"><img loading=\"lazy\" decoding=\"async\" width=\"50\" height=\"58\" class=\"wp-image-266\" style=\"width: 50px;\" src=\"https:\/\/fedefutguate.gt\/informacionpublica\/wp-content\/uploads\/2022\/02\/pngaaa.com-2621310.png\" alt=\"\"><\/a><\/td><td><a href=\"https:\/\/fedefutguate.gt\/informacionpublica\/wp-content\/uploads\/2026\/02\/CODIGO-ETICO-2026.pdf\">C\u00d3DIGO \u00c9TICO DE LA FEDERACI\u00d3N NACIONAL DE F\u00daTBOL DE GUATEMALA (Vigente para el a\u00f1o 2026)<\/a><\/td><\/tr><tr><td class=\"has-text-align-center\" data-align=\"center\"><a href=\"https:\/\/fedefutguate.gt\/informacionpublica\/wp-content\/uploads\/2022\/02\/ACUERDO-CE-32-2019-ARANCEL-DE-LA-UNIDAD-DE-ACCESO-A-LA-INFORMACION-PUBLICA-DE-LA-FEDEFUT-VIGENTE-2022.pdf\"><img loading=\"lazy\" decoding=\"async\" width=\"50\" height=\"58\" class=\"wp-image-266\" style=\"width: 50px;\" src=\"https:\/\/fedefutguate.gt\/informacionpublica\/wp-content\/uploads\/2022\/02\/pngaaa.com-2621310.png\" alt=\"\"><\/a><\/td><td><a href=\"https:\/\/fedefutguate.gt\/informacionpublica\/wp-content\/uploads\/2022\/02\/ACUERDO-CE-32-2019-ARANCEL-DE-LA-UNIDAD-DE-ACCESO-A-LA-INFORMACION-PUBLICA-DE-LA-FEDEFUT-VIGENTE-2022.pdf\" target=\"_blank\" rel=\"noreferrer noopener\">Acuerdo CE-32-2019 ARANCEL DE INFORMACI\u00d3N P\u00daBLICA (Vigente para el a\u00f1o 2026)<\/a><\/td><\/tr><tr><td class=\"has-text-align-center\" data-align=\"center\"><a href=\"https:\/\/fedefutguate.gt\/informacionpublica\/wp-content\/uploads\/2026\/02\/REGLAMENTO-INTERIOR-DE-TRABAJO-2025-1.pdf\"><img loading=\"lazy\" decoding=\"async\" width=\"50\" height=\"58\" class=\"wp-image-266\" style=\"width: 50px;\" src=\"https:\/\/fedefutguate.gt\/informacionpublica\/wp-content\/uploads\/2022\/02\/pngaaa.com-2621310.png\" alt=\"\"><\/a><\/td><td><a href=\"https:\/\/fedefutguate.gt\/informacionpublica\/wp-content\/uploads\/2026\/02\/REGLAMENTO-INTERIOR-DE-TRABAJO-2025-1.pdf\">REGLAMENTO INTERIOR DE TRABAJO DE LA FEDERACI\u00d3N NACIONAL DE F\u00daTBOL DE GUATEMALA (Vigente para el a\u00f1o 2026)<\/a><\/td><\/tr><tr><td class=\"has-text-align-center\" data-align=\"center\"><a href=\"https:\/\/fedefutguate.gt\/informacionpublica\/wp-content\/uploads\/2026\/02\/28-ACUERDO-CEF-009-2025-Reglamento-sobre-la-concesion-de-Licencias-a-los-Clubes-de-la-Federacion-Nacional-de-Futbol-de-Guatemala.pdf\"><img loading=\"lazy\" decoding=\"async\" width=\"50\" height=\"58\" class=\"wp-image-266\" style=\"width: 50px;\" src=\"https:\/\/fedefutguate.gt\/informacionpublica\/wp-content\/uploads\/2022\/02\/pngaaa.com-2621310.png\" alt=\"\"><\/a><\/td><td><a href=\"https:\/\/fedefutguate.gt\/informacionpublica\/wp-content\/uploads\/2026\/02\/28-ACUERDO-CEF-009-2025-Reglamento-sobre-la-concesion-de-Licencias-a-los-Clubes-de-la-Federacion-Nacional-de-Futbol-de-Guatemala.pdf\">REGLAMENTO SOBRE LA CONCESI\u00d3N DE LICENCIAS A LOS CLUBES DE LA FEDERACI\u00d3N NACIONAL DE F\u00daTBOL DE GUATEMALA (Vigente para el a\u00f1o 2026)<\/a><\/td><\/tr><tr><td class=\"has-text-align-center\" data-align=\"center\"><a href=\"https:\/\/fedefutguate.gt\/informacionpublica\/wp-content\/uploads\/2026\/02\/Arancel-de-tramites-y-gestiones-que-se-realizan-en-la-Direccion-de-Asuntos-Juridicos-2026.pdf\"><img loading=\"lazy\" decoding=\"async\" width=\"50\" height=\"58\" class=\"wp-image-266\" style=\"width: 50px;\" src=\"https:\/\/fedefutguate.gt\/informacionpublica\/wp-content\/uploads\/2022\/02\/pngaaa.com-2621310.png\" alt=\"\"><\/a><\/td><td><a href=\"https:\/\/fedefutguate.gt\/informacionpublica\/wp-content\/uploads\/2026\/02\/Arancel-de-tramites-y-gestiones-que-se-realizan-en-la-Direccion-de-Asuntos-Juridicos-2026.pdf\">Arancel de Tr\u00e1mites y Gestiones que se realizan en la Direcci\u00f3n de Asuntos Jur\u00eddicos y Deportivos de la FEDEFUT (Vigente para el a\u00f1o 2026)<\/a><\/td><\/tr><tr><td class=\"has-text-align-center\" data-align=\"center\"><a href=\"https:\/\/fedefutguate.gt\/informacionpublica\/wp-content\/uploads\/2026\/02\/ACUERDO-CEF-028-2024-REGLAMENTO-DE-SELECCIONES-NACIONALES.pdf\"><img loading=\"lazy\" decoding=\"async\" width=\"50\" height=\"58\" class=\"wp-image-266\" style=\"width: 50px;\" src=\"https:\/\/fedefutguate.gt\/informacionpublica\/wp-content\/uploads\/2022\/02\/pngaaa.com-2621310.png\" alt=\"\"><\/a><\/td><td><a href=\"https:\/\/fedefutguate.gt\/informacionpublica\/wp-content\/uploads\/2026\/02\/ACUERDO-CEF-028-2024-REGLAMENTO-DE-SELECCIONES-NACIONALES.pdf\">Acuerdo CE-042-2020 Reglamento de Selecciones Nacionales (Vigente para el a\u00f1o 2026)<\/a><\/td><\/tr><tr><td class=\"has-text-align-center\" data-align=\"center\"><a href=\"https:\/\/fedefutguate.gt\/informacionpublica\/wp-content\/uploads\/2026\/02\/ACUERDO_CEF_019_2023-REGLAMENTO-SOBRE-AGENTES-DE-FUTBOL-DE-LA-FEDEFUT-2026.pdf\"><img loading=\"lazy\" decoding=\"async\" width=\"50\" height=\"58\" class=\"wp-image-266\" style=\"width: 50px;\" src=\"https:\/\/fedefutguate.gt\/informacionpublica\/wp-content\/uploads\/2022\/02\/pngaaa.com-2621310.png\" alt=\"\"><\/a><\/td><td><a href=\"https:\/\/fedefutguate.gt\/informacionpublica\/wp-content\/uploads\/2026\/02\/ACUERDO_CEF_019_2023-REGLAMENTO-SOBRE-AGENTES-DE-FUTBOL-DE-LA-FEDEFUT-2026.pdf\">Reglamento sobre Agentes de F\u00fatbol de la Federaci\u00f3n Nacional de F\u00fatbol de Guatemala (Vigente para el a\u00f1o 2026)<\/a><\/td><\/tr><tr><td class=\"has-text-align-center\" data-align=\"center\"><a href=\"https:\/\/fedefutguate.gt\/informacionpublica\/wp-content\/uploads\/2026\/02\/ACUERDO-10-2024-Reglamento-de-licencias-de-entrenadores-yo-pfs-emitidos-por-federaciones-miembro-de-fifa-y-centros-de-formacion-academica.pdf\"><img loading=\"lazy\" decoding=\"async\" width=\"50\" height=\"58\" class=\"wp-image-266\" style=\"width: 50px;\" src=\"https:\/\/fedefutguate.gt\/informacionpublica\/wp-content\/uploads\/2022\/02\/pngaaa.com-2621310.png\" alt=\"\"><\/a><\/td><td><a href=\"https:\/\/fedefutguate.gt\/informacionpublica\/wp-content\/uploads\/2026\/02\/ACUERDO-10-2024-Reglamento-de-licencias-de-entrenadores-yo-pfs-emitidos-por-federaciones-miembro-de-fifa-y-centros-de-formacion-academica.pdf\">Reglamento de Licencias de Entrenadores y\/o T\u00edtulos de Preparadores F\u00edsicos emitidos por Federaciones Miembros de FIFA y Centros de Formaci\u00f3n Acad\u00e9mica (Vigente para el a\u00f1o 2026)<\/a><\/td><\/tr><tr><td class=\"has-text-align-center\" data-align=\"center\"><a href=\"https:\/\/fedefutguate.gt\/informacionpublica\/wp-content\/uploads\/2025\/02\/37-ACUERDO-11-2024-Reglamento-para-tramite-de-Aval-federativo-de-licencias-para-integrantes-de-cuerpos-tecnicos.pdf\"><img loading=\"lazy\" decoding=\"async\" width=\"50\" height=\"58\" class=\"wp-image-266\" style=\"width: 50px;\" src=\"https:\/\/fedefutguate.gt\/informacionpublica\/wp-content\/uploads\/2022\/02\/pngaaa.com-2621310.png\" alt=\"\"><\/a><\/td><td><a href=\"https:\/\/fedefutguate.gt\/informacionpublica\/wp-content\/uploads\/2025\/02\/37-ACUERDO-11-2024-Reglamento-para-tramite-de-Aval-federativo-de-licencias-para-integrantes-de-cuerpos-tecnicos.pdf\">Reglamento para Tr\u00e1mite de Aval Federativo de Licencias para Integrantes de Cuerpos T\u00e9cnicos (Vigente para el a\u00f1o 2026)<\/a><\/td><\/tr><tr><td class=\"has-text-align-center\" data-align=\"center\"><a href=\"https:\/\/fedefutguate.gt\/informacionpublica\/wp-content\/uploads\/2026\/02\/ACUERDO-14-2024-REGLAMENTO-SOLVENCIAS-DE-OFICIO-2.pdf\"><img loading=\"lazy\" decoding=\"async\" width=\"50\" height=\"58\" class=\"wp-image-266\" style=\"width: 50px;\" src=\"https:\/\/fedefutguate.gt\/informacionpublica\/wp-content\/uploads\/2022\/02\/pngaaa.com-2621310.png\" alt=\"\"><\/a><\/td><td><a href=\"https:\/\/fedefutguate.gt\/informacionpublica\/wp-content\/uploads\/2026\/02\/ACUERDO-14-2024-REGLAMENTO-SOLVENCIAS-DE-OFICIO-2.pdf\">Reglamento de Emisi\u00f3n de Solvencias de Oficio por la Federaci\u00f3n Nacional de F\u00fatbol de Guatemala (Vigente para el a\u00f1o 2026)<\/a><\/td><\/tr><tr><td class=\"has-text-align-center\" data-align=\"center\"><a href=\"https:\/\/fedefutguate.gt\/informacionpublica\/wp-content\/uploads\/2025\/02\/30-ACUERDO-CEF-017-2023-Reglamento-interno-de-la-CNRD-3.pdf\"><img loading=\"lazy\" decoding=\"async\" width=\"50\" height=\"58\" class=\"wp-image-266\" style=\"width: 50px;\" src=\"https:\/\/fedefutguate.gt\/informacionpublica\/wp-content\/uploads\/2022\/02\/pngaaa.com-2621310.png\" alt=\"\"><\/a><\/td><td><a href=\"https:\/\/fedefutguate.gt\/informacionpublica\/wp-content\/uploads\/2025\/02\/30-ACUERDO-CEF-017-2023-Reglamento-interno-de-la-CNRD-3.pdf\">Reglamento Interno de la C\u00e1mara Nacional de Resoluci\u00f3n de Disputas (Vigente para el a\u00f1o 2026)<\/a><\/td><\/tr><\/tbody><\/table><\/figure>\n<\/div>\n<\/div>\n\n\n\n<p><\/p>\n","protected":false},"excerpt":{"rendered":"<p>Estructura org\u00e1nica y funciones de cada una de las dependencias y departamentos, incluyendo su marco normativo. Art\u00edculo 10, numeral 1 de la Ley de Acceso a la Informaci\u00f3n P\u00fablica ORGANIGRAMA FEDERACI\u00d3N NACIONAL DE F\u00daTBOL DE GUATEMALA (Vigente para el a\u00f1o 2026) INTEGRACI\u00d3N COMIT\u00c9 EJECUTIVO DE LA FEDERACI\u00d3N NACIONAL DE F\u00daTBOL DE GUATEMALA (JUNIO 2023-JUNIO 2027) &#8230; <a title=\"Estructura Org\u00e1nica, Funciones y Marco Normativo -2026-\" class=\"read-more\" href=\"https:\/\/fedefutguate.gt\/informacionpublica\/estructura-organica-funciones-y-marco-normativo-2026\/\" aria-label=\"Read more about Estructura Org\u00e1nica, Funciones y Marco Normativo -2026-\">Read more<\/a><\/p>\n","protected":false},"author":1,"featured_media":0,"parent":0,"menu_order":0,"comment_status":"closed","ping_status":"closed","template":"","meta":{"footnotes":""},"class_list":["post-7031","page","type-page","status-publish"],"_links":{"self":[{"href":"https:\/\/fedefutguate.gt\/informacionpublica\/wp-json\/wp\/v2\/pages\/7031","targetHints":{"allow":["GET"]}}],"collection":[{"href":"https:\/\/fedefutguate.gt\/informacionpublica\/wp-json\/wp\/v2\/pages"}],"about":[{"href":"https:\/\/fedefutguate.gt\/informacionpublica\/wp-json\/wp\/v2\/types\/page"}],"author":[{"embeddable":true,"href":"https:\/\/fedefutguate.gt\/informacionpublica\/wp-json\/wp\/v2\/users\/1"}],"replies":[{"embeddable":true,"href":"https:\/\/fedefutguate.gt\/informacionpublica\/wp-json\/wp\/v2\/comments?post=7031"}],"version-history":[{"count":14,"href":"https:\/\/fedefutguate.gt\/informacionpublica\/wp-json\/wp\/v2\/pages\/7031\/revisions"}],"predecessor-version":[{"id":7430,"href":"https:\/\/fedefutguate.gt\/informacionpublica\/wp-json\/wp\/v2\/pages\/7031\/revisions\/7430"}],"wp:attachment":[{"href":"https:\/\/fedefutguate.gt\/informacionpublica\/wp-json\/wp\/v2\/media?parent=7031"}],"curies":[{"name":"wp","href":"https:\/\/api.w.org\/{rel}","templated":true}]}}