{"id":714,"date":"2022-02-14T18:27:11","date_gmt":"2022-02-14T17:27:11","guid":{"rendered":"https:\/\/fedefutguate.gt\/informacionpublica\/?page_id=714"},"modified":"2026-03-20T16:05:40","modified_gmt":"2026-03-20T15:05:40","slug":"contenido","status":"publish","type":"page","link":"https:\/\/fedefutguate.gt\/informacionpublica\/contenido\/","title":{"rendered":"Contenido"},"content":{"rendered":"\n<p>Art\u00edculo 10<\/p>\n\n\n\n<p class=\"has-contrast-2-color has-text-color\">Decreto N\u00famero 101-97 del Congreso de la Rep\u00fablica de Guatemala \u201cLEY ORG\u00c1NICA DEL PRESUPUESTO\u201d<\/p>\n\n\n\n<figure class=\"wp-block-table is-style-stripes has-small-font-size\"><table><tbody><tr><td class=\"has-text-align-left\" data-align=\"left\"><strong>2025<\/strong><\/td><\/tr><\/tbody><\/table><\/figure>\n\n\n\n<p class=\"has-contrast-2-color has-text-color\"><\/p>\n\n\n\n<figure class=\"wp-block-table is-style-stripes has-small-font-size\"><table class=\"has-contrast-3-color has-text-color has-link-color\"><tbody><tr><td class=\"has-text-align-right\" data-align=\"right\"><a href=\"https:\/\/fedefutguate.gt\/informacionpublica\/wp-content\/uploads\/2026\/03\/Articulo-10-Ley-Organica-del-Presupuesto-Contenido-2025.pdf\"><img loading=\"lazy\" decoding=\"async\" width=\"50\" height=\"58\" class=\"wp-image-266\" style=\"width: 50px;\" src=\"https:\/\/fedefutguate.gt\/informacionpublica\/wp-content\/uploads\/2022\/02\/pngaaa.com-2621310.png\" alt=\"\"><\/a><\/td><td><a href=\"https:\/\/fedefutguate.gt\/informacionpublica\/wp-content\/uploads\/2026\/03\/Articulo-10-Ley-Organica-del-Presupuesto-Contenido-2025.pdf\"><strong>Art\u00edculo 10 &#8220;Ley Org\u00e1nica del Presupuesto&#8221;<\/strong><br>Contenido<\/a><\/td><\/tr><\/tbody><\/table><\/figure>\n\n\n\n<p class=\"has-contrast-2-color has-text-color\"><\/p>\n\n\n\n<figure class=\"wp-block-table is-style-stripes has-small-font-size\"><table><tbody><tr><td class=\"has-text-align-left\" data-align=\"left\"><strong>2024<\/strong><\/td><\/tr><\/tbody><\/table><\/figure>\n\n\n\n<figure class=\"wp-block-table is-style-stripes has-small-font-size\"><table class=\"has-contrast-3-color has-text-color has-link-color\"><tbody><tr><td class=\"has-text-align-right\" data-align=\"right\"><a href=\"https:\/\/fedefutguate.gt\/informacionpublica\/wp-content\/uploads\/2025\/02\/Ejecucion-de-Presupuesto-2024.pdf\"><img loading=\"lazy\" decoding=\"async\" width=\"50\" height=\"58\" class=\"wp-image-266\" style=\"width: 50px;\" src=\"https:\/\/fedefutguate.gt\/informacionpublica\/wp-content\/uploads\/2022\/02\/pngaaa.com-2621310.png\" alt=\"\"><\/a><\/td><td><a href=\"https:\/\/fedefutguate.gt\/informacionpublica\/wp-content\/uploads\/2025\/02\/Ejecucion-de-Presupuesto-2024.pdf\"><strong>Art\u00edculo 10  &#8220;Ley Org\u00e1nica del Presupuesto&#8221;<\/strong><br>Contenido<\/a><\/td><\/tr><\/tbody><\/table><\/figure>\n\n\n\n\n\n\n\n<figure class=\"wp-block-table is-style-stripes has-small-font-size\"><table><tbody><tr><td class=\"has-text-align-left\" data-align=\"left\"><strong>2023<\/strong><\/td><\/tr><\/tbody><\/table><\/figure>\n\n\n\n<figure class=\"wp-block-table is-style-stripes has-small-font-size\"><table class=\"has-accent-color has-text-color has-link-color\"><tbody><tr><td class=\"has-text-align-right\" data-align=\"right\"><a href=\"https:\/\/fedefutguate.gt\/informacionpublica\/wp-content\/uploads\/2023\/03\/Ejecucion-Analitica-del-Presupuesto-2023.pdf\" target=\"_blank\" rel=\"noreferrer noopener\"><img loading=\"lazy\" decoding=\"async\" width=\"50\" height=\"58\" class=\"wp-image-266\" style=\"width: 50px;\" src=\"https:\/\/fedefutguate.gt\/informacionpublica\/wp-content\/uploads\/2022\/02\/pngaaa.com-2621310.png\" alt=\"\"><\/a><\/td><td><strong><a href=\"https:\/\/fedefutguate.gt\/informacionpublica\/wp-content\/uploads\/2023\/03\/Ejecucion-Analitica-del-Presupuesto-2023.pdf\" target=\"_blank\" rel=\"noreferrer noopener\"><\/a><\/strong><a href=\"https:\/\/fedefutguate.gt\/informacionpublica\/wp-content\/uploads\/2023\/03\/Ejecucion-Analitica-del-Presupuesto-2023.pdf\"><strong><strong>Art\u00edculo 10  &#8220;Ley Org\u00e1nica del Presupuesto&#8221;<\/strong><\/strong><br><\/a><a href=\"https:\/\/fedefutguate.gt\/informacionpublica\/wp-content\/uploads\/2023\/03\/Ejecucion-Analitica-del-Presupuesto-2023.pdf\" target=\"_blank\" rel=\"noreferrer noopener\">Contenido<\/a><\/td><\/tr><\/tbody><\/table><\/figure>\n\n\n\n<figure class=\"wp-block-table is-style-stripes has-small-font-size\"><table><tbody><tr><td class=\"has-text-align-left\" data-align=\"left\"><strong>2022<\/strong><\/td><\/tr><\/tbody><\/table><\/figure>\n\n\n\n<figure class=\"wp-block-table is-style-stripes has-small-font-size\"><table class=\"has-accent-color has-text-color has-link-color\"><tbody><tr><td class=\"has-text-align-right\" data-align=\"right\"><a href=\"https:\/\/fedefutguate.gt\/informacionpublica\/wp-content\/uploads\/2023\/03\/Ejecucion-Analitica-del-Presupuesto-2022.pdf\" target=\"_blank\" rel=\"noreferrer noopener\"><img loading=\"lazy\" decoding=\"async\" width=\"50\" height=\"58\" class=\"wp-image-266\" style=\"width: 50px;\" src=\"https:\/\/fedefutguate.gt\/informacionpublica\/wp-content\/uploads\/2022\/02\/pngaaa.com-2621310.png\" alt=\"\"><\/a><\/td><td><strong><a href=\"https:\/\/fedefutguate.gt\/informacionpublica\/wp-content\/uploads\/2023\/03\/Ejecucion-Analitica-del-Presupuesto-2022.pdf\" target=\"_blank\" rel=\"noreferrer noopener\">Art\u00edculo 10  &#8220;Ley Org\u00e1nica del Presupuesto&#8221;<\/a><\/strong><br><a href=\"https:\/\/fedefutguate.gt\/informacionpublica\/wp-content\/uploads\/2023\/03\/Ejecucion-Analitica-del-Presupuesto-2022.pdf\" target=\"_blank\" rel=\"noreferrer noopener\">Contenido<\/a><\/td><\/tr><\/tbody><\/table><\/figure>\n\n\n\n<figure class=\"wp-block-table is-style-stripes has-small-font-size\"><table><tbody><tr><td class=\"has-text-align-left\" data-align=\"left\"><strong>2021<\/strong><\/td><\/tr><\/tbody><\/table><\/figure>\n\n\n\n<figure class=\"wp-block-table is-style-stripes has-small-font-size\"><table class=\"has-accent-color has-text-color has-link-color\"><tbody><tr><td class=\"has-text-align-right\" data-align=\"right\"><a href=\"https:\/\/fedefutguate.gt\/informacionpublica\/wp-content\/uploads\/2022\/02\/2021-art-10-Contenido.pdf\" target=\"_blank\" rel=\"noreferrer noopener\"><img loading=\"lazy\" decoding=\"async\" width=\"50\" height=\"58\" class=\"wp-image-266\" style=\"width: 50px;\" src=\"https:\/\/fedefutguate.gt\/informacionpublica\/wp-content\/uploads\/2022\/02\/pngaaa.com-2621310.png\" alt=\"\"><\/a><\/td><td><a rel=\"noreferrer noopener\" href=\"https:\/\/fedefutguate.gt\/informacionpublica\/wp-content\/uploads\/2022\/02\/2021-art-10-Contenido.pdf\" target=\"_blank\"><strong>Art\u00edculo 10  &#8220;Ley Org\u00e1nica del Presupuesto&#8221;<\/strong><\/a><br>Contenido<\/td><\/tr><\/tbody><\/table><\/figure>\n\n\n\n<figure class=\"wp-block-table is-style-stripes has-small-font-size\"><table><tbody><tr><td class=\"has-text-align-left\" data-align=\"left\"><strong>2020<\/strong><\/td><\/tr><\/tbody><\/table><\/figure>\n\n\n\n<figure class=\"wp-block-table is-style-stripes has-small-font-size\"><table class=\"has-accent-color has-text-color has-link-color\"><tbody><tr><td class=\"has-text-align-right\" data-align=\"right\"><a rel=\"noreferrer noopener\" href=\"https:\/\/fedefutguate.gt\/informacionpublica\/wp-content\/uploads\/2022\/02\/2020-Art-10-Contenido.pdf\" target=\"_blank\"><img loading=\"lazy\" decoding=\"async\" width=\"50\" height=\"58\" class=\"wp-image-266\" style=\"width: 50px;\" src=\"https:\/\/fedefutguate.gt\/informacionpublica\/wp-content\/uploads\/2022\/02\/pngaaa.com-2621310.png\" alt=\"\"><\/a><\/td><td><a rel=\"noreferrer noopener\" href=\"https:\/\/fedefutguate.gt\/informacionpublica\/wp-content\/uploads\/2022\/02\/2020-Art-10-Contenido.pdf\" target=\"_blank\"><strong>Art\u00edculo 10   &#8220;Ley Org\u00e1nica del Presupuesto&#8221;<\/strong><\/a><br><a rel=\"noreferrer noopener\" href=\"https:\/\/fedefutguate.gt\/informacionpublica\/wp-content\/uploads\/2022\/02\/2020-Art-10-Contenido.pdf\" target=\"_blank\">Contenido<\/a><\/td><\/tr><\/tbody><\/table><\/figure>\n\n\n\n<figure class=\"wp-block-table is-style-stripes has-small-font-size\"><table><tbody><tr><td class=\"has-text-align-left\" data-align=\"left\"><strong>2019<\/strong><\/td><\/tr><\/tbody><\/table><\/figure>\n\n\n\n<figure class=\"wp-block-table is-style-stripes has-small-font-size\"><table class=\"has-accent-color has-text-color has-link-color\"><tbody><tr><td class=\"has-text-align-right\" data-align=\"right\"><a href=\"https:\/\/fedefutguate.gt\/informacionpublica\/wp-content\/uploads\/2022\/02\/2019-Art-10-Contenido.pdf\" target=\"_blank\" rel=\"noreferrer noopener\"><img loading=\"lazy\" decoding=\"async\" width=\"50\" height=\"58\" class=\"wp-image-266\" style=\"width: 50px;\" src=\"https:\/\/fedefutguate.gt\/informacionpublica\/wp-content\/uploads\/2022\/02\/pngaaa.com-2621310.png\" alt=\"\"><\/a><\/td><td><a rel=\"noreferrer noopener\" href=\"https:\/\/fedefutguate.gt\/informacionpublica\/wp-content\/uploads\/2022\/02\/2019-Art-10-Contenido.pdf\" target=\"_blank\"><strong>Art\u00edculo 10 &#8220;Ley Org\u00e1nica del Presupuesto&#8221;<\/strong><\/a><br><a rel=\"noreferrer noopener\" href=\"https:\/\/fedefutguate.gt\/informacionpublica\/wp-content\/uploads\/2022\/02\/2019-Art-10-Contenido.pdf\" target=\"_blank\">Contenido<\/a><\/td><\/tr><\/tbody><\/table><\/figure>\n\n\n\n<figure class=\"wp-block-table is-style-stripes has-small-font-size\"><table><tbody><tr><td class=\"has-text-align-left\" data-align=\"left\"><strong>2018<\/strong><\/td><\/tr><\/tbody><\/table><\/figure>\n\n\n\n<figure class=\"wp-block-table is-style-stripes has-small-font-size\"><table class=\"has-accent-color has-text-color has-link-color\"><tbody><tr><td class=\"has-text-align-right\" data-align=\"right\"><a rel=\"noreferrer noopener\" href=\"https:\/\/fedefutguate.gt\/informacionpublica\/wp-content\/uploads\/2022\/02\/2018-Art-10-Contenido.pdf\" target=\"_blank\"><img loading=\"lazy\" decoding=\"async\" width=\"50\" height=\"58\" class=\"wp-image-266\" style=\"width: 50px;\" src=\"https:\/\/fedefutguate.gt\/informacionpublica\/wp-content\/uploads\/2022\/02\/pngaaa.com-2621310.png\" alt=\"\"><\/a><\/td><td><strong><a rel=\"noreferrer noopener\" href=\"https:\/\/fedefutguate.gt\/informacionpublica\/wp-content\/uploads\/2022\/02\/2018-Art-10-Contenido.pdf\" target=\"_blank\">Art\u00edculo 10  &#8220;Ley Org\u00e1nica del Presupuesto&#8221;<\/a><br><a rel=\"noreferrer noopener\" href=\"https:\/\/fedefutguate.gt\/informacionpublica\/wp-content\/uploads\/2022\/02\/2018-Art-10-Contenido.pdf\" target=\"_blank\">Contenido<\/a><\/strong><\/td><\/tr><\/tbody><\/table><\/figure>\n","protected":false},"excerpt":{"rendered":"<p>Art\u00edculo 10 Decreto N\u00famero 101-97 del Congreso de la Rep\u00fablica de Guatemala \u201cLEY ORG\u00c1NICA DEL PRESUPUESTO\u201d 2025 Art\u00edculo 10 &#8220;Ley Org\u00e1nica del Presupuesto&#8221;Contenido 2024 Art\u00edculo 10 &#8220;Ley Org\u00e1nica del Presupuesto&#8221;Contenido 2023 Art\u00edculo 10 &#8220;Ley Org\u00e1nica del Presupuesto&#8221;Contenido 2022 Art\u00edculo 10 &#8220;Ley Org\u00e1nica del Presupuesto&#8221;Contenido 2021 Art\u00edculo 10 &#8220;Ley Org\u00e1nica del Presupuesto&#8221;Contenido 2020 Art\u00edculo 10 &#8220;Ley &#8230; <a title=\"Contenido\" class=\"read-more\" href=\"https:\/\/fedefutguate.gt\/informacionpublica\/contenido\/\" aria-label=\"Read more about Contenido\">Read more<\/a><\/p>\n","protected":false},"author":1,"featured_media":0,"parent":0,"menu_order":0,"comment_status":"closed","ping_status":"closed","template":"","meta":{"footnotes":""},"class_list":["post-714","page","type-page","status-publish"],"_links":{"self":[{"href":"https:\/\/fedefutguate.gt\/informacionpublica\/wp-json\/wp\/v2\/pages\/714","targetHints":{"allow":["GET"]}}],"collection":[{"href":"https:\/\/fedefutguate.gt\/informacionpublica\/wp-json\/wp\/v2\/pages"}],"about":[{"href":"https:\/\/fedefutguate.gt\/informacionpublica\/wp-json\/wp\/v2\/types\/page"}],"author":[{"embeddable":true,"href":"https:\/\/fedefutguate.gt\/informacionpublica\/wp-json\/wp\/v2\/users\/1"}],"replies":[{"embeddable":true,"href":"https:\/\/fedefutguate.gt\/informacionpublica\/wp-json\/wp\/v2\/comments?post=714"}],"version-history":[{"count":40,"href":"https:\/\/fedefutguate.gt\/informacionpublica\/wp-json\/wp\/v2\/pages\/714\/revisions"}],"predecessor-version":[{"id":7505,"href":"https:\/\/fedefutguate.gt\/informacionpublica\/wp-json\/wp\/v2\/pages\/714\/revisions\/7505"}],"wp:attachment":[{"href":"https:\/\/fedefutguate.gt\/informacionpublica\/wp-json\/wp\/v2\/media?parent=714"}],"curies":[{"name":"wp","href":"https:\/\/api.w.org\/{rel}","templated":true}]}}