{"id":717,"date":"2022-02-14T18:28:27","date_gmt":"2022-02-14T17:28:27","guid":{"rendered":"https:\/\/fedefutguate.gt\/informacionpublica\/?page_id=717"},"modified":"2026-03-20T16:12:14","modified_gmt":"2026-03-20T15:12:14","slug":"distribucion-analitica","status":"publish","type":"page","link":"https:\/\/fedefutguate.gt\/informacionpublica\/distribucion-analitica\/","title":{"rendered":"Distribuci\u00f3n Anal\u00edtica"},"content":{"rendered":"\n<p>Art\u00edculo 27<\/p>\n\n\n\n<p class=\"has-contrast-2-color has-text-color\">Decreto N\u00famero 101-97 del Congreso de la Rep\u00fablica de Guatemala \u201cLEY ORG\u00c1NICA DEL PRESUPUESTO\u201d<\/p>\n\n\n\n<figure class=\"wp-block-table is-style-stripes\"><table><tbody><tr><td><strong>2026<\/strong><\/td><\/tr><\/tbody><\/table><\/figure>\n\n\n\n<p class=\"has-contrast-2-color has-text-color\"><\/p>\n\n\n\n<figure class=\"wp-block-table is-style-stripes\"><table><tbody><tr><td class=\"has-text-align-right\" data-align=\"right\"><a href=\"https:\/\/fedefutguate.gt\/informacionpublica\/wp-content\/uploads\/2026\/03\/Distribucion-Analitica-del-Presupuesto-2026.pdf\"><img loading=\"lazy\" decoding=\"async\" width=\"50\" height=\"58\" class=\"wp-image-266\" style=\"width: 50px;\" src=\"https:\/\/fedefutguate.gt\/informacionpublica\/wp-content\/uploads\/2022\/02\/pngaaa.com-2621310.png\" alt=\"\"><\/a><\/td><td><a href=\"https:\/\/fedefutguate.gt\/informacionpublica\/wp-content\/uploads\/2026\/03\/Distribucion-Analitica-del-Presupuesto-2026.pdf\"><strong>Art\u00edculo 27 &#8220;Ley Org\u00e1nica del Presupuesto&#8221;<\/strong><br>Distribuci\u00f3n Anal\u00edtica del Presupuesto Aprobado<\/a><\/td><\/tr><\/tbody><\/table><\/figure>\n\n\n\n<p class=\"has-contrast-2-color has-text-color\"><\/p>\n\n\n\n<figure class=\"wp-block-table is-style-stripes\"><table><tbody><tr><td><strong>2025<\/strong><\/td><\/tr><\/tbody><\/table><\/figure>\n\n\n\n<figure class=\"wp-block-table is-style-stripes\"><table><tbody><tr><td class=\"has-text-align-right\" data-align=\"right\"><a href=\"https:\/\/fedefutguate.gt\/informacionpublica\/wp-content\/uploads\/2025\/02\/DISTRIBUCION-ANALITICA-DEL-PRESUPUESTO-APROBADO-2025.pdf\"><img loading=\"lazy\" decoding=\"async\" width=\"50\" height=\"58\" class=\"wp-image-266\" style=\"width: 50px;\" src=\"https:\/\/fedefutguate.gt\/informacionpublica\/wp-content\/uploads\/2022\/02\/pngaaa.com-2621310.png\" alt=\"\"><\/a><\/td><td><a href=\"https:\/\/fedefutguate.gt\/informacionpublica\/wp-content\/uploads\/2025\/02\/DISTRIBUCION-ANALITICA-DEL-PRESUPUESTO-APROBADO-2025.pdf\"><strong>Art\u00edculo 27 &#8220;Ley Org\u00e1nica del Presupuesto&#8221;<\/strong><br>Distribuci\u00f3n Anal\u00edtica del Presupuesto Aprobado<\/a><\/td><\/tr><\/tbody><\/table><\/figure>\n\n\n\n<figure class=\"wp-block-table is-style-stripes\"><table><tbody><tr><td><strong>2024<\/strong><\/td><\/tr><\/tbody><\/table><\/figure>\n\n\n\n<figure class=\"wp-block-table is-style-stripes\"><table><tbody><tr><td class=\"has-text-align-right\" data-align=\"right\"><a href=\"https:\/\/fedefutguate.gt\/informacionpublica\/wp-content\/uploads\/2024\/05\/Art-27-Distribucion-Analitica.pdf\"><img loading=\"lazy\" decoding=\"async\" width=\"50\" height=\"58\" class=\"wp-image-266\" style=\"width: 50px;\" src=\"https:\/\/fedefutguate.gt\/informacionpublica\/wp-content\/uploads\/2022\/02\/pngaaa.com-2621310.png\" alt=\"\"><\/a><\/td><td><a href=\"https:\/\/fedefutguate.gt\/informacionpublica\/wp-content\/uploads\/2024\/05\/Art-27-Distribucion-Analitica.pdf\"><strong>Art\u00edculo 27 &#8220;Ley Org\u00e1nica del Presupuesto&#8221;<\/strong><br>Distribuci\u00f3n Anal\u00edtica del Presupuesto Aprobado<\/a><\/td><\/tr><\/tbody><\/table><\/figure>\n\n\n\n<figure class=\"wp-block-table is-style-stripes\"><table><tbody><tr><td><strong>2023<\/strong><\/td><\/tr><\/tbody><\/table><\/figure>\n\n\n\n<figure class=\"wp-block-table is-style-stripes\"><table><tbody><tr><td class=\"has-text-align-right\" data-align=\"right\"><a href=\"https:\/\/fedefutguate.gt\/informacionpublica\/wp-content\/uploads\/2023\/03\/DISTRIBUCION-ANALITICA-DEL-PRESUPUESTO-APROBADO-2023.pdf\" target=\"_blank\" rel=\"noreferrer noopener\"><img loading=\"lazy\" decoding=\"async\" width=\"50\" height=\"58\" class=\"wp-image-266\" style=\"width: 50px;\" src=\"https:\/\/fedefutguate.gt\/informacionpublica\/wp-content\/uploads\/2022\/02\/pngaaa.com-2621310.png\" alt=\"\"><\/a><\/td><td><a href=\"https:\/\/fedefutguate.gt\/informacionpublica\/wp-content\/uploads\/2023\/03\/DISTRIBUCION-ANALITICA-DEL-PRESUPUESTO-APROBADO-2023.pdf\" target=\"_blank\" rel=\"noreferrer noopener\"><strong>Art\u00edculo 27 &#8220;Ley Org\u00e1nica del Presupuesto&#8221;<\/strong><br>Distribuci\u00f3n Anal\u00edtica del Presupuesto Aprobado<\/a><\/td><\/tr><\/tbody><\/table><\/figure>\n\n\n\n<figure class=\"wp-block-table is-style-stripes\"><table><tbody><tr><td><strong>2022<\/strong><\/td><\/tr><\/tbody><\/table><\/figure>\n\n\n\n<figure class=\"wp-block-table is-style-stripes\"><table><tbody><tr><td class=\"has-text-align-right\" data-align=\"right\"><a href=\"https:\/\/fedefutguate.gt\/informacionpublica\/wp-content\/uploads\/2023\/03\/Distribucion-Analitica-del-Presupuesto-2022.pdf\" target=\"_blank\" rel=\"noreferrer noopener\"><img loading=\"lazy\" decoding=\"async\" width=\"50\" height=\"58\" class=\"wp-image-266\" style=\"width: 50px;\" src=\"https:\/\/fedefutguate.gt\/informacionpublica\/wp-content\/uploads\/2022\/02\/pngaaa.com-2621310.png\" alt=\"\"><\/a><\/td><td><a href=\"https:\/\/fedefutguate.gt\/informacionpublica\/wp-content\/uploads\/2023\/03\/Distribucion-Analitica-del-Presupuesto-2022.pdf\" target=\"_blank\" rel=\"noreferrer noopener\"><strong>Art\u00edculo 27 &#8220;Ley Org\u00e1nica del Presupuesto&#8221;<\/strong><br>Distribuci\u00f3n Anal\u00edtica del Presupuesto Aprobado<\/a><\/td><\/tr><\/tbody><\/table><\/figure>\n\n\n\n<figure class=\"wp-block-table is-style-stripes\"><table><tbody><tr><td><strong>2021<\/strong><\/td><\/tr><\/tbody><\/table><\/figure>\n\n\n\n<figure class=\"wp-block-table is-style-stripes\"><table><tbody><tr><td class=\"has-text-align-right\" data-align=\"right\"><a href=\"https:\/\/fedefutguate.gt\/informacionpublica\/wp-content\/uploads\/2022\/02\/2021-Art-27-Distribucion-Analitica.pdf\" target=\"_blank\" rel=\"noreferrer noopener\"><img loading=\"lazy\" decoding=\"async\" width=\"50\" height=\"58\" class=\"wp-image-266\" style=\"width: 50px;\" src=\"https:\/\/fedefutguate.gt\/informacionpublica\/wp-content\/uploads\/2022\/02\/pngaaa.com-2621310.png\" alt=\"\"><\/a><\/td><td><a href=\"https:\/\/fedefutguate.gt\/informacionpublica\/wp-content\/uploads\/2022\/02\/2021-Art-27-Distribucion-Analitica.pdf\" target=\"_blank\" rel=\"noreferrer noopener\"><strong>Art\u00edculo 27 &#8220;Ley Org\u00e1nica del Presupuesto&#8221;<\/strong><br>Distribuci\u00f3n Anal\u00edtica del Presupuesto Aprobado<\/a><\/td><\/tr><\/tbody><\/table><\/figure>\n\n\n\n<figure class=\"wp-block-table is-style-stripes\"><table><tbody><tr><td><strong>2020<\/strong><\/td><\/tr><\/tbody><\/table><\/figure>\n\n\n\n<figure class=\"wp-block-table is-style-stripes\"><table><tbody><tr><td class=\"has-text-align-right\" data-align=\"right\"><a href=\"https:\/\/fedefutguate.gt\/informacionpublica\/wp-content\/uploads\/2022\/02\/2020-Art-27-Distribucion-Analitica.pdf\" target=\"_blank\" rel=\"noreferrer noopener\"><img loading=\"lazy\" decoding=\"async\" width=\"50\" height=\"58\" class=\"wp-image-266\" style=\"width: 50px;\" src=\"https:\/\/fedefutguate.gt\/informacionpublica\/wp-content\/uploads\/2022\/02\/pngaaa.com-2621310.png\" alt=\"\"><\/a><\/td><td><a href=\"https:\/\/fedefutguate.gt\/informacionpublica\/wp-content\/uploads\/2022\/02\/2020-Art-27-Distribucion-Analitica.pdf\"><strong>Art\u00edculo 27 &#8220;Ley Org\u00e1nica del Presupuesto&#8221;<\/strong><br>Distribuci\u00f3n Anal\u00edtica del Presupuesto Aprobado<\/a><\/td><\/tr><\/tbody><\/table><\/figure>\n\n\n\n<figure class=\"wp-block-table is-style-stripes\"><table><tbody><tr><td><strong>2019<\/strong><\/td><\/tr><\/tbody><\/table><\/figure>\n\n\n\n<figure class=\"wp-block-table is-style-stripes\"><table><tbody><tr><td class=\"has-text-align-right\" data-align=\"right\"><a href=\"https:\/\/fedefutguate.gt\/informacionpublica\/wp-content\/uploads\/2022\/02\/2019-Art-27-Distribucion-Analitica.pdf\" target=\"_blank\" rel=\"noreferrer noopener\"><img loading=\"lazy\" decoding=\"async\" width=\"50\" height=\"58\" class=\"wp-image-266\" style=\"width: 50px;\" src=\"https:\/\/fedefutguate.gt\/informacionpublica\/wp-content\/uploads\/2022\/02\/pngaaa.com-2621310.png\" alt=\"\"><\/a><\/td><td><a href=\"https:\/\/fedefutguate.gt\/informacionpublica\/wp-content\/uploads\/2022\/02\/2019-Art-27-Distribucion-Analitica.pdf\" target=\"_blank\" rel=\"noreferrer noopener\"><strong>Art\u00edculo 27 &#8220;Ley Org\u00e1nica del Presupuesto&#8221;<\/strong><br>Distribuci\u00f3n Anal\u00edtica del Presupuesto Aprobado<\/a><\/td><\/tr><\/tbody><\/table><\/figure>\n\n\n\n<figure class=\"wp-block-table is-style-stripes\"><table><tbody><tr><td><strong>2018<\/strong><\/td><\/tr><\/tbody><\/table><\/figure>\n\n\n\n<figure class=\"wp-block-table is-style-stripes\"><table><tbody><tr><td class=\"has-text-align-right\" data-align=\"right\"><a href=\"https:\/\/fedefutguate.gt\/informacionpublica\/wp-content\/uploads\/2022\/02\/2018-Art-27-Distribucion-Analitica.pdf\" target=\"_blank\" rel=\"noreferrer noopener\"><img loading=\"lazy\" decoding=\"async\" width=\"50\" height=\"58\" class=\"wp-image-266\" style=\"width: 50px;\" src=\"https:\/\/fedefutguate.gt\/informacionpublica\/wp-content\/uploads\/2022\/02\/pngaaa.com-2621310.png\" alt=\"\"><\/a><\/td><td><a href=\"https:\/\/fedefutguate.gt\/informacionpublica\/wp-content\/uploads\/2022\/02\/2018-Art-27-Distribucion-Analitica.pdf\" target=\"_blank\" rel=\"noreferrer noopener\"><strong>Art\u00edculo 27 &#8220;Ley Org\u00e1nica del Presupuesto&#8221;<\/strong><br>Distribuci\u00f3n Anal\u00edtica del Presupuesto Aprobado<\/a><\/td><\/tr><\/tbody><\/table><\/figure>\n\n\n\n<p><\/p>\n","protected":false},"excerpt":{"rendered":"<p>Art\u00edculo 27 Decreto N\u00famero 101-97 del Congreso de la Rep\u00fablica de Guatemala \u201cLEY ORG\u00c1NICA DEL PRESUPUESTO\u201d 2026 Art\u00edculo 27 &#8220;Ley Org\u00e1nica del Presupuesto&#8221;Distribuci\u00f3n Anal\u00edtica del Presupuesto Aprobado 2025 Art\u00edculo 27 &#8220;Ley Org\u00e1nica del Presupuesto&#8221;Distribuci\u00f3n Anal\u00edtica del Presupuesto Aprobado 2024 Art\u00edculo 27 &#8220;Ley Org\u00e1nica del Presupuesto&#8221;Distribuci\u00f3n Anal\u00edtica del Presupuesto Aprobado 2023 Art\u00edculo 27 &#8220;Ley Org\u00e1nica del &#8230; <a title=\"Distribuci\u00f3n Anal\u00edtica\" class=\"read-more\" href=\"https:\/\/fedefutguate.gt\/informacionpublica\/distribucion-analitica\/\" aria-label=\"Read more about Distribuci\u00f3n Anal\u00edtica\">Read more<\/a><\/p>\n","protected":false},"author":1,"featured_media":0,"parent":0,"menu_order":0,"comment_status":"closed","ping_status":"closed","template":"","meta":{"footnotes":""},"class_list":["post-717","page","type-page","status-publish"],"_links":{"self":[{"href":"https:\/\/fedefutguate.gt\/informacionpublica\/wp-json\/wp\/v2\/pages\/717","targetHints":{"allow":["GET"]}}],"collection":[{"href":"https:\/\/fedefutguate.gt\/informacionpublica\/wp-json\/wp\/v2\/pages"}],"about":[{"href":"https:\/\/fedefutguate.gt\/informacionpublica\/wp-json\/wp\/v2\/types\/page"}],"author":[{"embeddable":true,"href":"https:\/\/fedefutguate.gt\/informacionpublica\/wp-json\/wp\/v2\/users\/1"}],"replies":[{"embeddable":true,"href":"https:\/\/fedefutguate.gt\/informacionpublica\/wp-json\/wp\/v2\/comments?post=717"}],"version-history":[{"count":11,"href":"https:\/\/fedefutguate.gt\/informacionpublica\/wp-json\/wp\/v2\/pages\/717\/revisions"}],"predecessor-version":[{"id":7514,"href":"https:\/\/fedefutguate.gt\/informacionpublica\/wp-json\/wp\/v2\/pages\/717\/revisions\/7514"}],"wp:attachment":[{"href":"https:\/\/fedefutguate.gt\/informacionpublica\/wp-json\/wp\/v2\/media?parent=717"}],"curies":[{"name":"wp","href":"https:\/\/api.w.org\/{rel}","templated":true}]}}