{"id":729,"date":"2022-02-14T18:31:11","date_gmt":"2022-02-14T17:31:11","guid":{"rendered":"https:\/\/fedefutguate.gt\/informacionpublica\/?page_id=729"},"modified":"2022-02-16T22:19:35","modified_gmt":"2022-02-16T21:19:35","slug":"transparencia-y-eficiencia-del-gasto-publico","status":"publish","type":"page","link":"https:\/\/fedefutguate.gt\/informacionpublica\/transparencia-y-eficiencia-del-gasto-publico\/","title":{"rendered":"Transparencia y Eficiencia del Gasto P\u00fablico"},"content":{"rendered":"\n<p>Art\u00edculo 19<\/p>\n\n\n\n<p class=\"has-contrast-2-color has-text-color\">Decreto N\u00famero 25-2018 del Congreso de la Rep\u00fablica de Guatemala \u201cLEY DEL PRESUPUESTO GENERAL DE INGRESOS Y EGRESOS DEL ESTADO\u201d<\/p>\n\n\n\n<figure class=\"wp-block-table is-style-stripes\"><table><tbody><tr><td><strong>2021<\/strong><\/td><\/tr><\/tbody><\/table><\/figure>\n\n\n\n<figure class=\"wp-block-table\"><table class=\"has-contrast-color has-text-color\"><tbody><tr><td class=\"has-text-align-right\" data-align=\"right\"><a href=\"https:\/\/fedefutguate.gt\/informacionpublica\/wp-content\/uploads\/2022\/02\/2021-Art-19-Transparencia-y-eficiencia-del-Gasto-Publico.pdf\" target=\"_blank\" rel=\"noreferrer noopener\"><img loading=\"lazy\" decoding=\"async\" width=\"50\" height=\"58\" class=\"wp-image-266\" style=\"width: 50px;\" src=\"https:\/\/fedefutguate.gt\/informacionpublica\/wp-content\/uploads\/2022\/02\/pngaaa.com-2621310.png\" alt=\"\"><\/a><\/td><td><a href=\"https:\/\/fedefutguate.gt\/informacionpublica\/wp-content\/uploads\/2022\/02\/2021-Art-19-Transparencia-y-eficiencia-del-Gasto-Publico.pdf\" target=\"_blank\" rel=\"noreferrer noopener\">Art\u00edculo 19. Decreto 25-2018 del Congreso de la Rep\u00fablica de Guatemala<br><strong>Ejecuci\u00f3n Presupuestaria por Rengl\u00f3n 2021<\/strong><\/a><\/td><\/tr><\/tbody><\/table><\/figure>\n\n\n\n<figure class=\"wp-block-table is-style-stripes\"><table><tbody><tr><td><strong>2020<\/strong><\/td><\/tr><\/tbody><\/table><\/figure>\n\n\n\n<figure class=\"wp-block-table\"><table class=\"has-contrast-color has-text-color\"><tbody><tr><td class=\"has-text-align-right\" data-align=\"right\"><a href=\"https:\/\/fedefutguate.gt\/informacionpublica\/wp-content\/uploads\/2022\/02\/2020-Art-19-Transparencia-y-eficiencia-del-Gasto-Publico.pdf\" target=\"_blank\" rel=\"noreferrer noopener\"><img loading=\"lazy\" decoding=\"async\" width=\"50\" height=\"58\" class=\"wp-image-266\" style=\"width: 50px;\" src=\"https:\/\/fedefutguate.gt\/informacionpublica\/wp-content\/uploads\/2022\/02\/pngaaa.com-2621310.png\" alt=\"\"><\/a><\/td><td><a href=\"https:\/\/fedefutguate.gt\/informacionpublica\/wp-content\/uploads\/2022\/02\/2020-Art-19-Transparencia-y-eficiencia-del-Gasto-Publico.pdf\" target=\"_blank\" rel=\"noreferrer noopener\">Art\u00edculo 19. Decreto 25-2018 del Congreso de la Rep\u00fablica de Guatemala<br><strong>Ejecuci\u00f3n Presupuestaria por Rengl\u00f3n 2020<\/strong><\/a><\/td><\/tr><\/tbody><\/table><\/figure>\n\n\n\n<figure class=\"wp-block-table is-style-stripes\"><table><tbody><tr><td><strong>2019<\/strong><\/td><\/tr><\/tbody><\/table><\/figure>\n\n\n\n<figure class=\"wp-block-table\"><table class=\"has-contrast-color has-text-color\"><tbody><tr><td class=\"has-text-align-right\" data-align=\"right\"><a href=\"https:\/\/fedefutguate.gt\/informacionpublica\/wp-content\/uploads\/2022\/02\/2019-Art-19-Transparencia-y-Eficiencia-del-Gasto-Publico.pdf\" target=\"_blank\" rel=\"noreferrer noopener\"><img loading=\"lazy\" decoding=\"async\" width=\"50\" height=\"58\" class=\"wp-image-266\" style=\"width: 50px;\" src=\"https:\/\/fedefutguate.gt\/informacionpublica\/wp-content\/uploads\/2022\/02\/pngaaa.com-2621310.png\" alt=\"\"><\/a><\/td><td><a href=\"https:\/\/fedefutguate.gt\/informacionpublica\/wp-content\/uploads\/2022\/02\/2019-Art-19-Transparencia-y-Eficiencia-del-Gasto-Publico.pdf\" target=\"_blank\" rel=\"noreferrer noopener\">Art\u00edculo 19. Decreto 25-2018 del Congreso de la Rep\u00fablica de Guatemala<br><strong>Ejecuci\u00f3n Presupuestaria por Rengl\u00f3n 2019<\/strong><\/a><\/td><\/tr><\/tbody><\/table><\/figure>\n\n\n\n<figure class=\"wp-block-table is-style-stripes\"><table><tbody><tr><td><strong>2018<\/strong><\/td><\/tr><\/tbody><\/table><\/figure>\n\n\n\n<figure class=\"wp-block-table\"><table class=\"has-contrast-color has-text-color\"><tbody><tr><td class=\"has-text-align-right\" data-align=\"right\"><a href=\"https:\/\/fedefutguate.gt\/informacionpublica\/wp-content\/uploads\/2022\/02\/2018-Art-19-Transparencia-y-Eficiencia-del-Gasto-Publico.pdf\" target=\"_blank\" rel=\"noreferrer noopener\"><img loading=\"lazy\" decoding=\"async\" width=\"50\" height=\"58\" class=\"wp-image-266\" style=\"width: 50px;\" src=\"https:\/\/fedefutguate.gt\/informacionpublica\/wp-content\/uploads\/2022\/02\/pngaaa.com-2621310.png\" alt=\"\"><\/a><\/td><td><a href=\"https:\/\/fedefutguate.gt\/informacionpublica\/wp-content\/uploads\/2022\/02\/2018-Art-19-Transparencia-y-Eficiencia-del-Gasto-Publico.pdf\" target=\"_blank\" rel=\"noreferrer noopener\">Art\u00edculo 19. Decreto 25-2018 del Congreso de la Rep\u00fablica de Guatemala<br><strong>Ejecuci\u00f3n Presupuestaria por Rengl\u00f3n 2018<\/strong><\/a><\/td><\/tr><\/tbody><\/table><\/figure>\n\n\n\n<p><\/p>\n","protected":false},"excerpt":{"rendered":"<p>Art\u00edculo 19 Decreto N\u00famero 25-2018 del Congreso de la Rep\u00fablica de Guatemala \u201cLEY DEL PRESUPUESTO GENERAL DE INGRESOS Y EGRESOS DEL ESTADO\u201d 2021 Art\u00edculo 19. Decreto 25-2018 del Congreso de la Rep\u00fablica de GuatemalaEjecuci\u00f3n Presupuestaria por Rengl\u00f3n 2021 2020 Art\u00edculo 19. Decreto 25-2018 del Congreso de la Rep\u00fablica de GuatemalaEjecuci\u00f3n Presupuestaria por Rengl\u00f3n 2020 2019 &#8230; <a title=\"Transparencia y Eficiencia del Gasto P\u00fablico\" class=\"read-more\" href=\"https:\/\/fedefutguate.gt\/informacionpublica\/transparencia-y-eficiencia-del-gasto-publico\/\" aria-label=\"Read more about Transparencia y Eficiencia del Gasto P\u00fablico\">Read more<\/a><\/p>\n","protected":false},"author":1,"featured_media":0,"parent":0,"menu_order":0,"comment_status":"closed","ping_status":"closed","template":"","meta":{"footnotes":""},"class_list":["post-729","page","type-page","status-publish"],"_links":{"self":[{"href":"https:\/\/fedefutguate.gt\/informacionpublica\/wp-json\/wp\/v2\/pages\/729","targetHints":{"allow":["GET"]}}],"collection":[{"href":"https:\/\/fedefutguate.gt\/informacionpublica\/wp-json\/wp\/v2\/pages"}],"about":[{"href":"https:\/\/fedefutguate.gt\/informacionpublica\/wp-json\/wp\/v2\/types\/page"}],"author":[{"embeddable":true,"href":"https:\/\/fedefutguate.gt\/informacionpublica\/wp-json\/wp\/v2\/users\/1"}],"replies":[{"embeddable":true,"href":"https:\/\/fedefutguate.gt\/informacionpublica\/wp-json\/wp\/v2\/comments?post=729"}],"version-history":[{"count":3,"href":"https:\/\/fedefutguate.gt\/informacionpublica\/wp-json\/wp\/v2\/pages\/729\/revisions"}],"predecessor-version":[{"id":846,"href":"https:\/\/fedefutguate.gt\/informacionpublica\/wp-json\/wp\/v2\/pages\/729\/revisions\/846"}],"wp:attachment":[{"href":"https:\/\/fedefutguate.gt\/informacionpublica\/wp-json\/wp\/v2\/media?parent=729"}],"curies":[{"name":"wp","href":"https:\/\/api.w.org\/{rel}","templated":true}]}}