{"id":730,"date":"2022-02-14T18:31:38","date_gmt":"2022-02-14T17:31:38","guid":{"rendered":"https:\/\/fedefutguate.gt\/informacionpublica\/?page_id=730"},"modified":"2022-02-16T22:28:06","modified_gmt":"2022-02-16T21:28:06","slug":"obligatoriedad-de-detallar-las-especificaciones-de-los-gastos-a-traves-de-comprobante-unico-de-registro","status":"publish","type":"page","link":"https:\/\/fedefutguate.gt\/informacionpublica\/obligatoriedad-de-detallar-las-especificaciones-de-los-gastos-a-traves-de-comprobante-unico-de-registro\/","title":{"rendered":"Obligatoriedad de Detallar las Especificaciones de los Gastos a trav\u00e9s de Comprobante \u00danico de Registro"},"content":{"rendered":"\n<p>Art\u00edculo 39<\/p>\n\n\n\n<p class=\"has-contrast-2-color has-text-color\">Decreto N\u00famero 25-2018 del Congreso de la Rep\u00fablica de Guatemala \u201cLEY DEL PRESUPUESTO GENERAL DE INGRESOS Y EGRESOS DEL ESTADO\u201d<\/p>\n\n\n\n<figure class=\"wp-block-table is-style-stripes\"><table><tbody><tr><td><strong>2021<\/strong><\/td><\/tr><\/tbody><\/table><\/figure>\n\n\n\n<figure class=\"wp-block-table\"><table><tbody><tr><td class=\"has-text-align-right\" data-align=\"right\"><a href=\"https:\/\/fedefutguate.gt\/informacionpublica\/wp-content\/uploads\/2022\/02\/CUR-Detallado-Del-Gasto-Ano-2021.pdf\" target=\"_blank\" rel=\"noreferrer noopener\"><img loading=\"lazy\" decoding=\"async\" width=\"50\" height=\"58\" class=\"wp-image-266\" style=\"width: 50px;\" src=\"https:\/\/fedefutguate.gt\/informacionpublica\/wp-content\/uploads\/2022\/02\/pngaaa.com-2621310.png\" alt=\"\"><\/a><\/td><td><a rel=\"noreferrer noopener\" href=\"https:\/\/fedefutguate.gt\/informacionpublica\/wp-content\/uploads\/2022\/02\/2021-Art-19-Transparencia-y-eficiencia-del-Gasto-Publico.pdf\" target=\"_blank\"><br><\/a><a href=\"https:\/\/fedefutguate.gt\/informacionpublica\/wp-content\/uploads\/2022\/02\/CUR-Detallado-Del-Gasto-Ano-2021.pdf\" target=\"_blank\" rel=\"noreferrer noopener\">Art\u00edculo 39. Decreto 25-2018 del Congreso de la Rep\u00fablica de Guatemala<br><strong>Ejecuci\u00f3n de Gastos &#8211; Reportes- CUR de Ejecuci\u00f3n del Gasto CUR Detallados del Gasto<\/strong> <strong>2021<\/strong><\/a><br><\/td><\/tr><\/tbody><\/table><\/figure>\n\n\n\n<figure class=\"wp-block-table is-style-stripes\"><table><tbody><tr><td><strong>2020<\/strong><\/td><\/tr><\/tbody><\/table><\/figure>\n\n\n\n<figure class=\"wp-block-table\"><table><tbody><tr><td class=\"has-text-align-right\" data-align=\"right\"><a href=\"https:\/\/fedefutguate.gt\/informacionpublica\/wp-content\/uploads\/2022\/02\/CUR-Detallado-Del-Gasto-Ano-2020.pdf\" target=\"_blank\" rel=\"noreferrer noopener\"><img loading=\"lazy\" decoding=\"async\" width=\"50\" height=\"58\" class=\"wp-image-266\" style=\"width: 50px;\" src=\"https:\/\/fedefutguate.gt\/informacionpublica\/wp-content\/uploads\/2022\/02\/pngaaa.com-2621310.png\" alt=\"\"><\/a><\/td><td><a rel=\"noreferrer noopener\" href=\"https:\/\/fedefutguate.gt\/informacionpublica\/wp-content\/uploads\/2022\/02\/2021-Art-19-Transparencia-y-eficiencia-del-Gasto-Publico.pdf\" target=\"_blank\"><br><\/a><a href=\"https:\/\/fedefutguate.gt\/informacionpublica\/wp-content\/uploads\/2022\/02\/CUR-Detallado-Del-Gasto-Ano-2020.pdf\" target=\"_blank\" rel=\"noreferrer noopener\">Art\u00edculo 39. Decreto 25-2018 del Congreso de la Rep\u00fablica de Guatemala<br><strong>Ejecuci\u00f3n de Gastos &#8211; Reportes- CUR de Ejecuci\u00f3n del Gasto CUR Detallados del Gasto<\/strong> <strong>2020<\/strong><\/a><br><\/td><\/tr><\/tbody><\/table><\/figure>\n\n\n\n<figure class=\"wp-block-table is-style-stripes\"><table><tbody><tr><td><strong>2019<\/strong><\/td><\/tr><\/tbody><\/table><\/figure>\n\n\n\n<figure class=\"wp-block-table\"><table><tbody><tr><td class=\"has-text-align-right\" data-align=\"right\"><a href=\"https:\/\/fedefutguate.gt\/informacionpublica\/wp-content\/uploads\/2022\/02\/CUR-Detallado-Del-Gasto-Ano-2019.pdf\" target=\"_blank\" rel=\"noreferrer noopener\"><img loading=\"lazy\" decoding=\"async\" width=\"50\" height=\"58\" class=\"wp-image-266\" style=\"width: 50px;\" src=\"https:\/\/fedefutguate.gt\/informacionpublica\/wp-content\/uploads\/2022\/02\/pngaaa.com-2621310.png\" alt=\"\"><\/a><\/td><td><a href=\"https:\/\/fedefutguate.gt\/informacionpublica\/wp-content\/uploads\/2022\/02\/CUR-Detallado-Del-Gasto-Ano-2019.pdf\" target=\"_blank\" rel=\"noreferrer noopener\"><br>Art\u00edculo 39. Decreto 25-2018 del Congreso de la Rep\u00fablica de Guatemala<br><strong>Ejecuci\u00f3n de Gastos &#8211; Reportes- CUR de Ejecuci\u00f3n del Gasto CUR Detallados del Gasto<\/strong> <strong>2019<\/strong><\/a><br><\/td><\/tr><\/tbody><\/table><\/figure>\n\n\n\n<figure class=\"wp-block-table is-style-stripes\"><table><tbody><tr><td><strong>2018<\/strong><\/td><\/tr><\/tbody><\/table><\/figure>\n\n\n\n<figure class=\"wp-block-table\"><table><tbody><tr><td class=\"has-text-align-right\" data-align=\"right\"><a href=\"https:\/\/fedefutguate.gt\/informacionpublica\/wp-content\/uploads\/2022\/02\/CUR-Detallado-Del-Gasto-Ano-2018.pdf\" target=\"_blank\" rel=\"noreferrer noopener\"><img loading=\"lazy\" decoding=\"async\" width=\"50\" height=\"58\" class=\"wp-image-266\" style=\"width: 50px;\" src=\"https:\/\/fedefutguate.gt\/informacionpublica\/wp-content\/uploads\/2022\/02\/pngaaa.com-2621310.png\" alt=\"\"><\/a><\/td><td><a rel=\"noreferrer noopener\" href=\"https:\/\/fedefutguate.gt\/informacionpublica\/wp-content\/uploads\/2022\/02\/2021-Art-19-Transparencia-y-eficiencia-del-Gasto-Publico.pdf\" target=\"_blank\"><br><\/a><a href=\"https:\/\/fedefutguate.gt\/informacionpublica\/wp-content\/uploads\/2022\/02\/CUR-Detallado-Del-Gasto-Ano-2018.pdf\" target=\"_blank\" rel=\"noreferrer noopener\">Art\u00edculo 39. Decreto 25-2018 del Congreso de la Rep\u00fablica de Guatemala<br><strong>Ejecuci\u00f3n de Gastos &#8211; Reportes- CUR de Ejecuci\u00f3n del Gasto CUR Detallados del Gasto<\/strong> <strong>2018<\/strong><\/a><br><\/td><\/tr><\/tbody><\/table><\/figure>\n\n\n\n<p><\/p>\n","protected":false},"excerpt":{"rendered":"<p>Art\u00edculo 39 Decreto N\u00famero 25-2018 del Congreso de la Rep\u00fablica de Guatemala \u201cLEY DEL PRESUPUESTO GENERAL DE INGRESOS Y EGRESOS DEL ESTADO\u201d 2021 Art\u00edculo 39. Decreto 25-2018 del Congreso de la Rep\u00fablica de GuatemalaEjecuci\u00f3n de Gastos &#8211; Reportes- CUR de Ejecuci\u00f3n del Gasto CUR Detallados del Gasto 2021 2020 Art\u00edculo 39. Decreto 25-2018 del Congreso &#8230; <a title=\"Obligatoriedad de Detallar las Especificaciones de los Gastos a trav\u00e9s de Comprobante \u00danico de Registro\" class=\"read-more\" href=\"https:\/\/fedefutguate.gt\/informacionpublica\/obligatoriedad-de-detallar-las-especificaciones-de-los-gastos-a-traves-de-comprobante-unico-de-registro\/\" aria-label=\"Read more about Obligatoriedad de Detallar las Especificaciones de los Gastos a trav\u00e9s de Comprobante \u00danico de Registro\">Read more<\/a><\/p>\n","protected":false},"author":1,"featured_media":0,"parent":0,"menu_order":0,"comment_status":"closed","ping_status":"closed","template":"","meta":{"footnotes":""},"class_list":["post-730","page","type-page","status-publish"],"_links":{"self":[{"href":"https:\/\/fedefutguate.gt\/informacionpublica\/wp-json\/wp\/v2\/pages\/730","targetHints":{"allow":["GET"]}}],"collection":[{"href":"https:\/\/fedefutguate.gt\/informacionpublica\/wp-json\/wp\/v2\/pages"}],"about":[{"href":"https:\/\/fedefutguate.gt\/informacionpublica\/wp-json\/wp\/v2\/types\/page"}],"author":[{"embeddable":true,"href":"https:\/\/fedefutguate.gt\/informacionpublica\/wp-json\/wp\/v2\/users\/1"}],"replies":[{"embeddable":true,"href":"https:\/\/fedefutguate.gt\/informacionpublica\/wp-json\/wp\/v2\/comments?post=730"}],"version-history":[{"count":3,"href":"https:\/\/fedefutguate.gt\/informacionpublica\/wp-json\/wp\/v2\/pages\/730\/revisions"}],"predecessor-version":[{"id":854,"href":"https:\/\/fedefutguate.gt\/informacionpublica\/wp-json\/wp\/v2\/pages\/730\/revisions\/854"}],"wp:attachment":[{"href":"https:\/\/fedefutguate.gt\/informacionpublica\/wp-json\/wp\/v2\/media?parent=730"}],"curies":[{"name":"wp","href":"https:\/\/api.w.org\/{rel}","templated":true}]}}